{"id":981,"date":"2025-11-26T12:43:03","date_gmt":"2025-11-26T10:43:03","guid":{"rendered":"https:\/\/hagelberg.sivustamo.dev\/om-oss\/"},"modified":"2026-01-21T17:44:35","modified_gmt":"2026-01-21T15:44:35","slug":"om-oss","status":"publish","type":"page","link":"https:\/\/hagelberg.fi\/sv\/om-oss\/","title":{"rendered":"Om oss"},"content":{"rendered":"\t\t<div data-elementor-type=\"wp-page\" data-elementor-id=\"981\" class=\"elementor elementor-981 elementor-464\" data-elementor-post-type=\"page\">\n\t\t\t\t<div class=\"elementor-element elementor-element-b85cb4f e-con-full e-flex e-con e-parent\" data-id=\"b85cb4f\" data-element_type=\"container\" data-e-type=\"container\" data-settings=\"{&quot;jet_parallax_layout_list&quot;:[]}\">\n\t\t\t\t<div class=\"elementor-element elementor-element-8932ad5 elementor-widget elementor-widget-template\" data-id=\"8932ad5\" data-element_type=\"widget\" data-e-type=\"widget\" data-widget_type=\"template.default\">\n\t\t\t\t<div class=\"elementor-widget-container\">\n\t\t\t\t\t\t\t<div class=\"elementor-template\">\n\t\t\t\t\t<div data-elementor-type=\"container\" data-elementor-id=\"1072\" class=\"elementor elementor-1072 elementor-520 elementor-520\" data-elementor-post-type=\"elementor_library\">\n\t\t\t\t<div class=\"elementor-element elementor-element-500a897e e-flex e-con-boxed e-con e-parent\" data-id=\"500a897e\" data-element_type=\"container\" data-e-type=\"container\" data-settings=\"{&quot;jet_parallax_layout_list&quot;:[]}\">\n\t\t\t\t\t<div class=\"e-con-inner\">\n\t\t<div class=\"elementor-element elementor-element-5f0a16cb e-con-full e-flex e-con e-child\" data-id=\"5f0a16cb\" data-element_type=\"container\" data-e-type=\"container\" data-settings=\"{&quot;jet_parallax_layout_list&quot;:[],&quot;background_background&quot;:&quot;classic&quot;}\">\n\t\t<div class=\"elementor-element elementor-element-31b7b779 e-con-full e-flex e-con e-child\" data-id=\"31b7b779\" data-element_type=\"container\" data-e-type=\"container\" data-settings=\"{&quot;jet_parallax_layout_list&quot;:[]}\">\n\t\t<div class=\"elementor-element elementor-element-5fc2796b e-con-full e-flex e-con e-child\" data-id=\"5fc2796b\" data-element_type=\"container\" data-e-type=\"container\" data-settings=\"{&quot;jet_parallax_layout_list&quot;:[]}\">\n\t\t\t\t<div class=\"elementor-element elementor-element-43c3ba0 jet-breadcrumbs-align-left jet-breadcrumbs-align-mobile-center elementor-widget elementor-widget-jet-breadcrumbs\" data-id=\"43c3ba0\" data-element_type=\"widget\" data-e-type=\"widget\" data-widget_type=\"jet-breadcrumbs.default\">\n\t\t\t\t<div class=\"elementor-widget-container\">\n\t\t\t\t\t<div class=\"elementor-jet-breadcrumbs jet-blocks\">\n\t\t<div class=\"jet-breadcrumbs\">\n\t\t<div class=\"jet-breadcrumbs__content\">\n\t\t<div class=\"jet-breadcrumbs__wrap\"><div class=\"jet-breadcrumbs__item\"><a href=\"https:\/\/hagelberg.fi\/sv\/\" class=\"jet-breadcrumbs__item-link is-home\" rel=\"home\" title=\"Startsida\">Startsida<\/a><\/div>\n\t\t<\/div>\n\t\t<\/div>\n\t\t<\/div><\/div>\t\t\t\t<\/div>\n\t\t\t\t<\/div>\n\t\t\t\t<\/div>\n\t\t\t\t<\/div>\n\t\t<div class=\"elementor-element elementor-element-3f3e6c92 e-con-full e-flex e-con e-child\" data-id=\"3f3e6c92\" data-element_type=\"container\" data-e-type=\"container\" data-settings=\"{&quot;jet_parallax_layout_list&quot;:[]}\">\n\t\t\t\t<div class=\"elementor-element elementor-element-5ff133b7 elementor-widget elementor-widget-image\" data-id=\"5ff133b7\" data-element_type=\"widget\" data-e-type=\"widget\" data-widget_type=\"image.default\">\n\t\t\t\t<div class=\"elementor-widget-container\">\n\t\t\t\t\t\t\t\t\t\t\t\t\t\t\t<img fetchpriority=\"high\" decoding=\"async\" width=\"1920\" height=\"1080\" src=\"https:\/\/hagelberg.fi\/wp-content\/uploads\/2025\/11\/meista.jpg\" class=\"attachment-full size-full wp-image-983\" alt=\"\" srcset=\"https:\/\/hagelberg.fi\/wp-content\/uploads\/2025\/11\/meista.jpg 1920w, https:\/\/hagelberg.fi\/wp-content\/uploads\/2025\/11\/meista-300x169.jpg 300w, https:\/\/hagelberg.fi\/wp-content\/uploads\/2025\/11\/meista-1024x576.jpg 1024w, https:\/\/hagelberg.fi\/wp-content\/uploads\/2025\/11\/meista-768x432.jpg 768w, https:\/\/hagelberg.fi\/wp-content\/uploads\/2025\/11\/meista-1536x864.jpg 1536w\" sizes=\"(max-width: 1920px) 100vw, 1920px\" \/>\t\t\t\t\t\t\t\t\t\t\t\t\t\t\t<\/div>\n\t\t\t\t<\/div>\n\t\t\t\t<\/div>\n\t\t\t\t<\/div>\n\t\t\t\t\t<\/div>\n\t\t\t\t<\/div>\n\t\t\t\t<\/div>\n\t\t\t\t<\/div>\n\t\t\t\t\t\t<\/div>\n\t\t\t\t<\/div>\n\t\t\t\t<\/div>\n\t\t<div class=\"elementor-element elementor-element-a90e363 osiomargin e-flex e-con-boxed e-con e-parent\" data-id=\"a90e363\" data-element_type=\"container\" data-e-type=\"container\" data-settings=\"{&quot;jet_parallax_layout_list&quot;:[]}\">\n\t\t\t\t\t<div class=\"e-con-inner\">\n\t\t<div class=\"elementor-element elementor-element-a55447e e-con-full e-flex e-con e-child\" data-id=\"a55447e\" data-element_type=\"container\" data-e-type=\"container\" data-settings=\"{&quot;jet_parallax_layout_list&quot;:[]}\">\n\t\t\t\t<div class=\"elementor-element elementor-element-3a05474 elementor-widget elementor-widget-text-editor\" data-id=\"3a05474\" data-element_type=\"widget\" data-e-type=\"widget\" data-widget_type=\"text-editor.default\">\n\t\t\t\t<div class=\"elementor-widget-container\">\n\t\t\t\t\t\t\t\t\t<p>G\u00f6ran Hagelberg och traktorgr\u00e4vare har varit en v\u00e4lbekant syn i Kyrksl\u00e4tt sedan mitten av 1960-talet. Finska Sockers byggarbetsplats sysselsatte d\u00e5 hela enmansf\u00f6retaget. Tack vare v\u00e4l utf\u00f6rt arbete \u00f6kade efterfr\u00e5gan p\u00e5 markbyggnadstj\u00e4nster gradvis, och mer personal anst\u00e4lldes.<\/p><p>\u00c5r 1975, n\u00e4r f\u00f6retagsformen \u00e4ndrades till aktiebolag, hade Oy G\u00f6ran Hagelberg Ab redan drygt tio anst\u00e4llda. Grustransport och f\u00f6rs\u00e4ljning av stenmaterial tillkom som en ny tj\u00e4nst. \u00c4n idag \u00e4r f\u00f6rs\u00e4ljningen av stenmaterial en av verksamhetens h\u00f6rnstenar.<\/p><p>\u00c5r 2005 genomgick Oy G\u00f6ran Hagelberg Ab ett generationsskifte. Byggm\u00e4stare Guy Hagelberg tog \u00f6ver ledningen f\u00f6r familjef\u00f6retaget. Guy fungerar som verkst\u00e4llande direkt\u00f6r f\u00f6r Oy G\u00f6ran Hagelberg Ab.<\/p><p>Nu finns det drygt fyrtio fast anst\u00e4llda, och personalstyrkan ut\u00f6kas av l\u00e5ngvariga och p\u00e5litliga underleverant\u00f6rer samt partners. Maskinparken har ocks\u00e5 f\u00f6r\u00e4ndrats och ut\u00f6kats. Traktorgr\u00e4varen har ersatts av moderna gr\u00e4vmaskiner, hjullastare, lastbilar, dumprar, bulldozers och v\u00e4ghyvlar. H\u00f6gklassigt underh\u00e5ll och aktiv uppdatering av utrustningen \u00e4r ett mycket viktigt omr\u00e5de f\u00f6r f\u00f6retagets kontinuitet.<\/p><p>F\u00f6rutom utrustningen har f\u00f6retagets framg\u00e5ng garanterats av kunnig, p\u00e5litlig och gladlynt personal som \u00e4r engagerad i att t\u00e4nka p\u00e5 v\u00e5ra kunders b\u00e4sta<\/p>\t\t\t\t\t\t\t\t<\/div>\n\t\t\t\t<\/div>\n\t\t\t\t<\/div>\n\t\t<div class=\"elementor-element elementor-element-db2890f e-con-full e-flex e-con e-child\" data-id=\"db2890f\" data-element_type=\"container\" data-e-type=\"container\" data-settings=\"{&quot;jet_parallax_layout_list&quot;:[]}\">\n\t\t\t\t<div class=\"elementor-element elementor-element-56bea3c elementor-widget elementor-widget-gallery\" data-id=\"56bea3c\" data-element_type=\"widget\" data-e-type=\"widget\" data-settings=\"{&quot;columns&quot;:2,&quot;columns_mobile&quot;:3,&quot;gap_mobile&quot;:{&quot;unit&quot;:&quot;px&quot;,&quot;size&quot;:5,&quot;sizes&quot;:[]},&quot;gallery_layout&quot;:&quot;grid&quot;,&quot;columns_tablet&quot;:2,&quot;gap&quot;:{&quot;unit&quot;:&quot;px&quot;,&quot;size&quot;:10,&quot;sizes&quot;:[]},&quot;gap_laptop&quot;:{&quot;unit&quot;:&quot;px&quot;,&quot;size&quot;:10,&quot;sizes&quot;:[]},&quot;gap_tablet&quot;:{&quot;unit&quot;:&quot;px&quot;,&quot;size&quot;:10,&quot;sizes&quot;:[]},&quot;link_to&quot;:&quot;file&quot;,&quot;aspect_ratio&quot;:&quot;3:2&quot;,&quot;overlay_background&quot;:&quot;yes&quot;,&quot;content_hover_animation&quot;:&quot;fade-in&quot;}\" data-widget_type=\"gallery.default\">\n\t\t\t\t<div class=\"elementor-widget-container\">\n\t\t\t\t\t\t\t<div class=\"elementor-gallery__container\">\n\t\t\t\t\t\t\t<a class=\"e-gallery-item elementor-gallery-item elementor-animated-content\" href=\"https:\/\/hagelberg.fi\/wp-content\/uploads\/2025\/11\/Hagelberg-4.jpg\" data-elementor-open-lightbox=\"yes\" data-elementor-lightbox-slideshow=\"56bea3c\" data-e-action-hash=\"#elementor-action%3Aaction%3Dlightbox%26settings%3DeyJpZCI6OTM5LCJ1cmwiOiJodHRwczpcL1wvaGFnZWxiZXJnLmZpXC93cC1jb250ZW50XC91cGxvYWRzXC8yMDI1XC8xMVwvSGFnZWxiZXJnLTQuanBnIiwic2xpZGVzaG93IjoiNTZiZWEzYyJ9\">\n\t\t\t\t\t<div class=\"e-gallery-image elementor-gallery-item__image\" data-thumbnail=\"https:\/\/hagelberg.fi\/wp-content\/uploads\/2025\/11\/Hagelberg-4-1536x1024.jpg\" data-width=\"1536\" data-height=\"1024\" aria-label=\"\" role=\"img\" ><\/div>\n\t\t\t\t\t\t\t\t\t\t\t<div class=\"elementor-gallery-item__overlay\"><\/div>\n\t\t\t\t\t\t\t\t\t\t\t\t\t\t<\/a>\n\t\t\t\t\t\t\t<a class=\"e-gallery-item elementor-gallery-item elementor-animated-content\" href=\"https:\/\/hagelberg.fi\/wp-content\/uploads\/2025\/11\/Hagelberg-Kaivokset-4-e1764166020471.jpg\" data-elementor-open-lightbox=\"yes\" data-elementor-lightbox-slideshow=\"56bea3c\" data-e-action-hash=\"#elementor-action%3Aaction%3Dlightbox%26settings%3DeyJpZCI6OTc3LCJ1cmwiOiJodHRwczpcL1wvaGFnZWxiZXJnLmZpXC93cC1jb250ZW50XC91cGxvYWRzXC8yMDI1XC8xMVwvSGFnZWxiZXJnLUthaXZva3NldC00LWUxNzY0MTY2MDIwNDcxLmpwZyIsInNsaWRlc2hvdyI6IjU2YmVhM2MifQ%3D%3D\">\n\t\t\t\t\t<div class=\"e-gallery-image elementor-gallery-item__image\" data-thumbnail=\"https:\/\/hagelberg.fi\/wp-content\/uploads\/2025\/11\/Hagelberg-Kaivokset-4-e1764166020471-1536x912.jpg\" data-width=\"1536\" data-height=\"912\" aria-label=\"\" role=\"img\" ><\/div>\n\t\t\t\t\t\t\t\t\t\t\t<div class=\"elementor-gallery-item__overlay\"><\/div>\n\t\t\t\t\t\t\t\t\t\t\t\t\t\t<\/a>\n\t\t\t\t\t\t\t<a class=\"e-gallery-item elementor-gallery-item elementor-animated-content\" href=\"https:\/\/hagelberg.fi\/wp-content\/uploads\/2025\/11\/Hagel-kalusto2.png\" data-elementor-open-lightbox=\"yes\" data-elementor-lightbox-slideshow=\"56bea3c\" data-e-action-hash=\"#elementor-action%3Aaction%3Dlightbox%26settings%3DeyJpZCI6OTgyLCJ1cmwiOiJodHRwczpcL1wvaGFnZWxiZXJnLmZpXC93cC1jb250ZW50XC91cGxvYWRzXC8yMDI1XC8xMVwvSGFnZWwta2FsdXN0bzIucG5nIiwic2xpZGVzaG93IjoiNTZiZWEzYyJ9\">\n\t\t\t\t\t<div class=\"e-gallery-image elementor-gallery-item__image\" data-thumbnail=\"https:\/\/hagelberg.fi\/wp-content\/uploads\/2025\/11\/Hagel-kalusto2-1536x1059.png\" data-width=\"1536\" data-height=\"1059\" aria-label=\"\" role=\"img\" ><\/div>\n\t\t\t\t\t\t\t\t\t\t\t<div class=\"elementor-gallery-item__overlay\"><\/div>\n\t\t\t\t\t\t\t\t\t\t\t\t\t\t<\/a>\n\t\t\t\t\t<\/div>\n\t\t\t\t\t<\/div>\n\t\t\t\t<\/div>\n\t\t\t\t<\/div>\n\t\t\t\t\t<\/div>\n\t\t\t\t<\/div>\n\t\t<div class=\"elementor-element elementor-element-528f370 osiomargin e-flex e-con-boxed e-con e-parent\" data-id=\"528f370\" data-element_type=\"container\" data-e-type=\"container\" data-settings=\"{&quot;jet_parallax_layout_list&quot;:[]}\">\n\t\t\t\t\t<div class=\"e-con-inner\">\n\t\t<div class=\"elementor-element elementor-element-1ead9d3 e-grid e-con-full e-con e-child\" data-id=\"1ead9d3\" data-element_type=\"container\" data-e-type=\"container\" data-settings=\"{&quot;jet_parallax_layout_list&quot;:[]}\">\n\t\t\t\t<div class=\"elementor-element elementor-element-116e5bd elementor-widget elementor-widget-image\" data-id=\"116e5bd\" data-element_type=\"widget\" data-e-type=\"widget\" data-widget_type=\"image.default\">\n\t\t\t\t<div class=\"elementor-widget-container\">\n\t\t\t\t\t\t\t\t\t\t\t\t\t\t\t<img decoding=\"async\" width=\"519\" height=\"304\" src=\"https:\/\/hagelberg.fi\/wp-content\/uploads\/2025\/11\/Stofix-RALA-patevyys.png\" class=\"attachment-large size-large wp-image-985\" alt=\"\" srcset=\"https:\/\/hagelberg.fi\/wp-content\/uploads\/2025\/11\/Stofix-RALA-patevyys.png 519w, https:\/\/hagelberg.fi\/wp-content\/uploads\/2025\/11\/Stofix-RALA-patevyys-300x176.png 300w\" sizes=\"(max-width: 519px) 100vw, 519px\" \/>\t\t\t\t\t\t\t\t\t\t\t\t\t\t\t<\/div>\n\t\t\t\t<\/div>\n\t\t\t\t<div class=\"elementor-element elementor-element-8c8c225 elementor-widget elementor-widget-image\" data-id=\"8c8c225\" data-element_type=\"widget\" data-e-type=\"widget\" data-widget_type=\"image.default\">\n\t\t\t\t<div class=\"elementor-widget-container\">\n\t\t\t\t\t\t\t\t\t\t\t\t\t\t\t<img decoding=\"async\" width=\"90\" height=\"113\" src=\"https:\/\/hagelberg.fi\/wp-content\/uploads\/2026\/01\/STANDING_BLACK.svg\" class=\"attachment-full size-full wp-image-984\" alt=\"\" \/>\t\t\t\t\t\t\t\t\t\t\t\t\t\t\t<\/div>\n\t\t\t\t<\/div>\n\t\t\t\t<div class=\"elementor-element elementor-element-e354f4c elementor-widget elementor-widget-image\" data-id=\"e354f4c\" data-element_type=\"widget\" data-e-type=\"widget\" data-widget_type=\"image.default\">\n\t\t\t\t<div class=\"elementor-widget-container\">\n\t\t\t\t\t\t\t\t\t\t\t\t\t\t\t<img loading=\"lazy\" decoding=\"async\" width=\"385\" height=\"180\" src=\"https:\/\/hagelberg.fi\/wp-content\/uploads\/2025\/11\/10281863553810.webp\" class=\"attachment-large size-large wp-image-986\" alt=\"\" srcset=\"https:\/\/hagelberg.fi\/wp-content\/uploads\/2025\/11\/10281863553810.webp 385w, https:\/\/hagelberg.fi\/wp-content\/uploads\/2025\/11\/10281863553810-300x140.webp 300w\" sizes=\"(max-width: 385px) 100vw, 385px\" \/>\t\t\t\t\t\t\t\t\t\t\t\t\t\t\t<\/div>\n\t\t\t\t<\/div>\n\t\t\t\t<\/div>\n\t\t\t\t\t<\/div>\n\t\t\t\t<\/div>\n\t\t\t\t<\/div>\n\t\t","protected":false},"excerpt":{"rendered":"<p>G\u00f6ran Hagelberg och traktorgr\u00e4vare har varit en v\u00e4lbekant syn i Kyrksl\u00e4tt sedan mitten av 1960-talet. Finska Sockers byggarbetsplats sysselsatte d\u00e5 hela enmansf\u00f6retaget. Tack vare v\u00e4l utf\u00f6rt arbete \u00f6kade efterfr\u00e5gan p\u00e5 markbyggnadstj\u00e4nster gradvis, och mer personal anst\u00e4lldes. \u00c5r 1975, n\u00e4r f\u00f6retagsformen \u00e4ndrades till aktiebolag, hade Oy G\u00f6ran Hagelberg Ab redan drygt tio anst\u00e4llda. Grustransport och f\u00f6rs\u00e4ljning [&hellip;]<\/p>\n","protected":false},"author":1,"featured_media":983,"parent":0,"menu_order":0,"comment_status":"closed","ping_status":"closed","template":"","meta":{"footnotes":""},"class_list":["post-981","page","type-page","status-publish","has-post-thumbnail","hentry"],"_links":{"self":[{"href":"https:\/\/hagelberg.fi\/sv\/wp-json\/wp\/v2\/pages\/981","targetHints":{"allow":["GET"]}}],"collection":[{"href":"https:\/\/hagelberg.fi\/sv\/wp-json\/wp\/v2\/pages"}],"about":[{"href":"https:\/\/hagelberg.fi\/sv\/wp-json\/wp\/v2\/types\/page"}],"author":[{"embeddable":true,"href":"https:\/\/hagelberg.fi\/sv\/wp-json\/wp\/v2\/users\/1"}],"replies":[{"embeddable":true,"href":"https:\/\/hagelberg.fi\/sv\/wp-json\/wp\/v2\/comments?post=981"}],"version-history":[{"count":1,"href":"https:\/\/hagelberg.fi\/sv\/wp-json\/wp\/v2\/pages\/981\/revisions"}],"predecessor-version":[{"id":987,"href":"https:\/\/hagelberg.fi\/sv\/wp-json\/wp\/v2\/pages\/981\/revisions\/987"}],"wp:featuredmedia":[{"embeddable":true,"href":"https:\/\/hagelberg.fi\/sv\/wp-json\/wp\/v2\/media\/983"}],"wp:attachment":[{"href":"https:\/\/hagelberg.fi\/sv\/wp-json\/wp\/v2\/media?parent=981"}],"curies":[{"name":"wp","href":"https:\/\/api.w.org\/{rel}","templated":true}]}}