{"id":976,"date":"2025-11-26T15:08:26","date_gmt":"2025-11-26T13:08:26","guid":{"rendered":"https:\/\/hagelberg.sivustamo.dev\/byggtjanster\/"},"modified":"2026-01-21T17:45:08","modified_gmt":"2026-01-21T15:45:08","slug":"byggtjanster","status":"publish","type":"page","link":"https:\/\/hagelberg.fi\/sv\/byggtjanster\/","title":{"rendered":"Byggtj\u00e4nster"},"content":{"rendered":"\t\t<div data-elementor-type=\"wp-page\" data-elementor-id=\"976\" class=\"elementor elementor-976 elementor-693\" data-elementor-post-type=\"page\">\n\t\t\t\t<div class=\"elementor-element elementor-element-ee7539f e-con-full e-flex e-con e-parent\" data-id=\"ee7539f\" data-element_type=\"container\" data-e-type=\"container\" data-settings=\"{&quot;jet_parallax_layout_list&quot;:[]}\">\n\t\t\t\t<div class=\"elementor-element elementor-element-f3fba93 elementor-widget elementor-widget-template\" data-id=\"f3fba93\" data-element_type=\"widget\" data-e-type=\"widget\" data-widget_type=\"template.default\">\n\t\t\t\t<div class=\"elementor-widget-container\">\n\t\t\t\t\t\t\t<div class=\"elementor-template\">\n\t\t\t\t\t<div data-elementor-type=\"container\" data-elementor-id=\"1072\" class=\"elementor elementor-1072 elementor-520 elementor-520\" data-elementor-post-type=\"elementor_library\">\n\t\t\t\t<div class=\"elementor-element elementor-element-500a897e e-flex e-con-boxed e-con e-parent\" data-id=\"500a897e\" data-element_type=\"container\" data-e-type=\"container\" data-settings=\"{&quot;jet_parallax_layout_list&quot;:[]}\">\n\t\t\t\t\t<div class=\"e-con-inner\">\n\t\t<div class=\"elementor-element elementor-element-5f0a16cb e-con-full e-flex e-con e-child\" data-id=\"5f0a16cb\" data-element_type=\"container\" data-e-type=\"container\" data-settings=\"{&quot;jet_parallax_layout_list&quot;:[],&quot;background_background&quot;:&quot;classic&quot;}\">\n\t\t<div class=\"elementor-element elementor-element-31b7b779 e-con-full e-flex e-con e-child\" data-id=\"31b7b779\" data-element_type=\"container\" data-e-type=\"container\" data-settings=\"{&quot;jet_parallax_layout_list&quot;:[]}\">\n\t\t<div class=\"elementor-element elementor-element-5fc2796b e-con-full e-flex e-con e-child\" data-id=\"5fc2796b\" data-element_type=\"container\" data-e-type=\"container\" data-settings=\"{&quot;jet_parallax_layout_list&quot;:[]}\">\n\t\t\t\t<div class=\"elementor-element elementor-element-72ff02b9 jedv-enabled--yes elementor-widget elementor-widget-heading\" data-id=\"72ff02b9\" data-element_type=\"widget\" data-e-type=\"widget\" data-widget_type=\"heading.default\">\n\t\t\t\t<div class=\"elementor-widget-container\">\n\t\t\t\t\t<h1 class=\"elementor-heading-title elementor-size-default\">Vi betj\u00e4nar med l\u00e5ng erfarenhet och gedigen expertis<\/h1>\t\t\t\t<\/div>\n\t\t\t\t<\/div>\n\t\t\t\t<div class=\"elementor-element elementor-element-43c3ba0 jet-breadcrumbs-align-left jet-breadcrumbs-align-mobile-center elementor-widget elementor-widget-jet-breadcrumbs\" data-id=\"43c3ba0\" data-element_type=\"widget\" data-e-type=\"widget\" data-widget_type=\"jet-breadcrumbs.default\">\n\t\t\t\t<div class=\"elementor-widget-container\">\n\t\t\t\t\t<div class=\"elementor-jet-breadcrumbs jet-blocks\">\n\t\t<div class=\"jet-breadcrumbs\">\n\t\t<div class=\"jet-breadcrumbs__content\">\n\t\t<div class=\"jet-breadcrumbs__wrap\"><div class=\"jet-breadcrumbs__item\"><a href=\"https:\/\/hagelberg.fi\/sv\/\" class=\"jet-breadcrumbs__item-link is-home\" rel=\"home\" title=\"Startsida\">Startsida<\/a><\/div>\n\t\t<\/div>\n\t\t<\/div>\n\t\t<\/div><\/div>\t\t\t\t<\/div>\n\t\t\t\t<\/div>\n\t\t\t\t<\/div>\n\t\t\t\t<\/div>\n\t\t<div class=\"elementor-element elementor-element-3f3e6c92 e-con-full e-flex e-con e-child\" data-id=\"3f3e6c92\" data-element_type=\"container\" data-e-type=\"container\" data-settings=\"{&quot;jet_parallax_layout_list&quot;:[]}\">\n\t\t\t\t<div class=\"elementor-element elementor-element-5ff133b7 elementor-widget elementor-widget-image\" data-id=\"5ff133b7\" data-element_type=\"widget\" data-e-type=\"widget\" data-widget_type=\"image.default\">\n\t\t\t\t<div class=\"elementor-widget-container\">\n\t\t\t\t\t\t\t\t\t\t\t\t\t\t\t<img fetchpriority=\"high\" decoding=\"async\" width=\"1920\" height=\"1140\" src=\"https:\/\/hagelberg.fi\/wp-content\/uploads\/2025\/11\/Hagelberg-Kaivokset-4-e1764166020471.jpg\" class=\"attachment-full size-full wp-image-977\" alt=\"\" srcset=\"https:\/\/hagelberg.fi\/wp-content\/uploads\/2025\/11\/Hagelberg-Kaivokset-4-e1764166020471.jpg 1920w, https:\/\/hagelberg.fi\/wp-content\/uploads\/2025\/11\/Hagelberg-Kaivokset-4-e1764166020471-300x178.jpg 300w, https:\/\/hagelberg.fi\/wp-content\/uploads\/2025\/11\/Hagelberg-Kaivokset-4-e1764166020471-1024x608.jpg 1024w, https:\/\/hagelberg.fi\/wp-content\/uploads\/2025\/11\/Hagelberg-Kaivokset-4-e1764166020471-768x456.jpg 768w, https:\/\/hagelberg.fi\/wp-content\/uploads\/2025\/11\/Hagelberg-Kaivokset-4-e1764166020471-1536x912.jpg 1536w\" sizes=\"(max-width: 1920px) 100vw, 1920px\" \/>\t\t\t\t\t\t\t\t\t\t\t\t\t\t\t<\/div>\n\t\t\t\t<\/div>\n\t\t\t\t<\/div>\n\t\t\t\t<\/div>\n\t\t\t\t\t<\/div>\n\t\t\t\t<\/div>\n\t\t\t\t<\/div>\n\t\t\t\t<\/div>\n\t\t\t\t\t\t<\/div>\n\t\t\t\t<\/div>\n\t\t\t\t<\/div>\n\t\t<div class=\"elementor-element elementor-element-9a9bc90 osiomargin e-flex e-con-boxed e-con e-parent\" data-id=\"9a9bc90\" data-element_type=\"container\" data-e-type=\"container\" data-settings=\"{&quot;jet_parallax_layout_list&quot;:[]}\">\n\t\t\t\t\t<div class=\"e-con-inner\">\n\t\t<div class=\"elementor-element elementor-element-56d255f e-con-full e-flex e-con e-child\" data-id=\"56d255f\" data-element_type=\"container\" data-e-type=\"container\" data-settings=\"{&quot;jet_parallax_layout_list&quot;:[]}\">\n\t\t\t\t<div class=\"elementor-element elementor-element-0ceeee5 elementor-widget elementor-widget-text-editor\" data-id=\"0ceeee5\" data-element_type=\"widget\" data-e-type=\"widget\" data-widget_type=\"text-editor.default\">\n\t\t\t\t<div class=\"elementor-widget-container\">\n\t\t\t\t\t\t\t\t\t<p>Vi erbjuder helt\u00e4ckande tj\u00e4nster inom markarbeten och infrastrukturbyggande i huvudstadsregionen: Helsingfors, Esbo, Vanda och hela Nyland. V\u00e5ra tj\u00e4nster omfattar v\u00e4g- och gatubyggnad, schaktning, massutbyte, grundl\u00e4ggning, vattenf\u00f6rs\u00f6rjningsarbeten, kabelr\u00f6rl\u00e4ggning samt finplanering och ledningsarbeten f\u00f6r vattenandelslag.<\/p>\t\t\t\t\t\t\t\t<\/div>\n\t\t\t\t<\/div>\n\t\t\t\t<\/div>\n\t\t\t\t<div class=\"elementor-element elementor-element-e76bc49 elementor-widget elementor-widget-template\" data-id=\"e76bc49\" data-element_type=\"widget\" data-e-type=\"widget\" data-widget_type=\"template.default\">\n\t\t\t\t<div class=\"elementor-widget-container\">\n\t\t\t\t\t\t\t<div class=\"elementor-template\">\n\t\t\t\t\t<div data-elementor-type=\"container\" data-elementor-id=\"1066\" class=\"elementor elementor-1066 elementor-684 elementor-684\" data-elementor-post-type=\"elementor_library\">\n\t\t\t\t<div class=\"elementor-element elementor-element-57fd64e2 e-grid e-con-full e-con e-child\" data-id=\"57fd64e2\" data-element_type=\"container\" data-e-type=\"container\" data-settings=\"{&quot;jet_parallax_layout_list&quot;:[]}\">\n\t\t<a class=\"elementor-element elementor-element-1b921ba6 e-con-full e-transform box-shadow e-flex e-con e-child\" data-id=\"1b921ba6\" data-element_type=\"container\" data-e-type=\"container\" data-settings=\"{&quot;jet_parallax_layout_list&quot;:[],&quot;background_background&quot;:&quot;classic&quot;,&quot;_transform_translateY_effect_hover&quot;:{&quot;unit&quot;:&quot;px&quot;,&quot;size&quot;:-4,&quot;sizes&quot;:[]},&quot;_transform_translateX_effect_hover&quot;:{&quot;unit&quot;:&quot;px&quot;,&quot;size&quot;:&quot;&quot;,&quot;sizes&quot;:[]},&quot;_transform_translateX_effect_hover_laptop&quot;:{&quot;unit&quot;:&quot;px&quot;,&quot;size&quot;:&quot;&quot;,&quot;sizes&quot;:[]},&quot;_transform_translateX_effect_hover_tablet&quot;:{&quot;unit&quot;:&quot;px&quot;,&quot;size&quot;:&quot;&quot;,&quot;sizes&quot;:[]},&quot;_transform_translateX_effect_hover_mobile&quot;:{&quot;unit&quot;:&quot;px&quot;,&quot;size&quot;:&quot;&quot;,&quot;sizes&quot;:[]},&quot;_transform_translateY_effect_hover_laptop&quot;:{&quot;unit&quot;:&quot;px&quot;,&quot;size&quot;:&quot;&quot;,&quot;sizes&quot;:[]},&quot;_transform_translateY_effect_hover_tablet&quot;:{&quot;unit&quot;:&quot;px&quot;,&quot;size&quot;:&quot;&quot;,&quot;sizes&quot;:[]},&quot;_transform_translateY_effect_hover_mobile&quot;:{&quot;unit&quot;:&quot;px&quot;,&quot;size&quot;:&quot;&quot;,&quot;sizes&quot;:[]}}\" href=\"https:\/\/hagelberg.fi\/rakentamisen-palvelut\/tie-ja-katurakentaminen\/\">\n\t\t\t\t<div class=\"elementor-element elementor-element-f6e7a4 elementor-widget elementor-widget-image\" data-id=\"f6e7a4\" data-element_type=\"widget\" data-e-type=\"widget\" data-widget_type=\"image.default\">\n\t\t\t\t<div class=\"elementor-widget-container\">\n\t\t\t\t\t\t\t\t\t\t\t\t\t\t\t<img decoding=\"async\" width=\"1536\" height=\"896\" src=\"https:\/\/hagelberg.fi\/wp-content\/uploads\/2025\/11\/tie-katurakentaminen-1536x896.jpg\" class=\"attachment-1536x1536 size-1536x1536 wp-image-942\" alt=\"\" srcset=\"https:\/\/hagelberg.fi\/wp-content\/uploads\/2025\/11\/tie-katurakentaminen-1536x896.jpg 1536w, https:\/\/hagelberg.fi\/wp-content\/uploads\/2025\/11\/tie-katurakentaminen-300x175.jpg 300w, https:\/\/hagelberg.fi\/wp-content\/uploads\/2025\/11\/tie-katurakentaminen-1024x597.jpg 1024w, https:\/\/hagelberg.fi\/wp-content\/uploads\/2025\/11\/tie-katurakentaminen-768x448.jpg 768w, https:\/\/hagelberg.fi\/wp-content\/uploads\/2025\/11\/tie-katurakentaminen.jpg 1920w\" sizes=\"(max-width: 1536px) 100vw, 1536px\" \/>\t\t\t\t\t\t\t\t\t\t\t\t\t\t\t<\/div>\n\t\t\t\t<\/div>\n\t\t<div class=\"elementor-element elementor-element-7a6e7e9c e-con-full e-flex e-con e-child\" data-id=\"7a6e7e9c\" data-element_type=\"container\" data-e-type=\"container\" data-settings=\"{&quot;jet_parallax_layout_list&quot;:[]}\">\n\t\t\t\t<div class=\"elementor-element elementor-element-45c040cd elementor-widget elementor-widget-heading\" data-id=\"45c040cd\" data-element_type=\"widget\" data-e-type=\"widget\" data-widget_type=\"heading.default\">\n\t\t\t\t<div class=\"elementor-widget-container\">\n\t\t\t\t\t<h3 class=\"elementor-heading-title elementor-size-default\">V\u00e4g- och gatubyggnad<\/h3>\t\t\t\t<\/div>\n\t\t\t\t<\/div>\n\t\t\t\t<div class=\"elementor-element elementor-element-20422665 elementor-view-default elementor-widget elementor-widget-icon\" data-id=\"20422665\" data-element_type=\"widget\" data-e-type=\"widget\" data-widget_type=\"icon.default\">\n\t\t\t\t<div class=\"elementor-widget-container\">\n\t\t\t\t\t\t\t<div class=\"elementor-icon-wrapper\">\n\t\t\t<div class=\"elementor-icon\">\n\t\t\t<svg xmlns=\"http:\/\/www.w3.org\/2000\/svg\" id=\"Layer_1\" viewBox=\"0 0 224.8 222.3\"><path d=\"M112.4,0c62,0,112.4,49.7,112.4,111.2s-50.4,111.2-112.4,111.2C50.4,222.3,0,172.6,0,111.2,0,49.7,50.4,0,112.4,0ZM112.4,15.4c-53.6,0-97,43-97,95.7,0,52.8,43.3,95.7,97,95.7,53.6,0,97-43,97-95.7,0-52.8-43.3-95.7-97-95.7ZM117.5,65.7c3-3,7.9-3.1,10.9,0l40.5,40c0,0,.2.2.3.3,0,0,0,0,.1.1,0,0,0,.1.1.2,1.1,1.3,1.8,3,1.8,4.9s-.3,2.4-.8,3.4c-.4.8-.9,1.5-1.5,2.1l-40.5,40c-3,3-7.9,3-10.9,0-3-3-3-7.9,0-10.9l27.1-26.8H61.3c-4.3,0-7.7-3.4-7.7-7.7,0-4.3,3.4-7.7,7.7-7.7h83.4l-27.1-26.8c-3-3-3.1-7.9,0-10.9Z\"><\/path><\/svg>\t\t\t<\/div>\n\t\t<\/div>\n\t\t\t\t\t\t<\/div>\n\t\t\t\t<\/div>\n\t\t\t\t<\/div>\n\t\t\t\t<\/a>\n\t\t<a class=\"elementor-element elementor-element-7fee9382 e-con-full e-transform box-shadow e-flex e-con e-child\" data-id=\"7fee9382\" data-element_type=\"container\" data-e-type=\"container\" data-settings=\"{&quot;jet_parallax_layout_list&quot;:[],&quot;background_background&quot;:&quot;classic&quot;,&quot;_transform_translateY_effect_hover&quot;:{&quot;unit&quot;:&quot;px&quot;,&quot;size&quot;:-4,&quot;sizes&quot;:[]},&quot;_transform_translateX_effect_hover&quot;:{&quot;unit&quot;:&quot;px&quot;,&quot;size&quot;:&quot;&quot;,&quot;sizes&quot;:[]},&quot;_transform_translateX_effect_hover_laptop&quot;:{&quot;unit&quot;:&quot;px&quot;,&quot;size&quot;:&quot;&quot;,&quot;sizes&quot;:[]},&quot;_transform_translateX_effect_hover_tablet&quot;:{&quot;unit&quot;:&quot;px&quot;,&quot;size&quot;:&quot;&quot;,&quot;sizes&quot;:[]},&quot;_transform_translateX_effect_hover_mobile&quot;:{&quot;unit&quot;:&quot;px&quot;,&quot;size&quot;:&quot;&quot;,&quot;sizes&quot;:[]},&quot;_transform_translateY_effect_hover_laptop&quot;:{&quot;unit&quot;:&quot;px&quot;,&quot;size&quot;:&quot;&quot;,&quot;sizes&quot;:[]},&quot;_transform_translateY_effect_hover_tablet&quot;:{&quot;unit&quot;:&quot;px&quot;,&quot;size&quot;:&quot;&quot;,&quot;sizes&quot;:[]},&quot;_transform_translateY_effect_hover_mobile&quot;:{&quot;unit&quot;:&quot;px&quot;,&quot;size&quot;:&quot;&quot;,&quot;sizes&quot;:[]}}\" href=\"https:\/\/hagelberg.fi\/rakentamisen-palvelut\/maanrakennus\/\">\n\t\t\t\t<div class=\"elementor-element elementor-element-572c4ff elementor-widget elementor-widget-image\" data-id=\"572c4ff\" data-element_type=\"widget\" data-e-type=\"widget\" data-widget_type=\"image.default\">\n\t\t\t\t<div class=\"elementor-widget-container\">\n\t\t\t\t\t\t\t\t\t\t\t\t\t\t\t<img decoding=\"async\" width=\"1536\" height=\"864\" src=\"https:\/\/hagelberg.fi\/wp-content\/uploads\/2025\/11\/Hagelberg-3-1536x864.jpg\" class=\"attachment-1536x1536 size-1536x1536 wp-image-945\" alt=\"\" srcset=\"https:\/\/hagelberg.fi\/wp-content\/uploads\/2025\/11\/Hagelberg-3-1536x864.jpg 1536w, https:\/\/hagelberg.fi\/wp-content\/uploads\/2025\/11\/Hagelberg-3-300x169.jpg 300w, https:\/\/hagelberg.fi\/wp-content\/uploads\/2025\/11\/Hagelberg-3-1024x576.jpg 1024w, https:\/\/hagelberg.fi\/wp-content\/uploads\/2025\/11\/Hagelberg-3-768x432.jpg 768w, https:\/\/hagelberg.fi\/wp-content\/uploads\/2025\/11\/Hagelberg-3.jpg 1920w\" sizes=\"(max-width: 1536px) 100vw, 1536px\" \/>\t\t\t\t\t\t\t\t\t\t\t\t\t\t\t<\/div>\n\t\t\t\t<\/div>\n\t\t<div class=\"elementor-element elementor-element-3da28eed e-con-full e-flex e-con e-child\" data-id=\"3da28eed\" data-element_type=\"container\" data-e-type=\"container\" data-settings=\"{&quot;jet_parallax_layout_list&quot;:[]}\">\n\t\t\t\t<div class=\"elementor-element elementor-element-1b551226 elementor-widget elementor-widget-heading\" data-id=\"1b551226\" data-element_type=\"widget\" data-e-type=\"widget\" data-widget_type=\"heading.default\">\n\t\t\t\t<div class=\"elementor-widget-container\">\n\t\t\t\t\t<h3 class=\"elementor-heading-title elementor-size-default\">Markarbeten<\/h3>\t\t\t\t<\/div>\n\t\t\t\t<\/div>\n\t\t\t\t<div class=\"elementor-element elementor-element-5b5f9d4b elementor-view-default elementor-widget elementor-widget-icon\" data-id=\"5b5f9d4b\" data-element_type=\"widget\" data-e-type=\"widget\" data-widget_type=\"icon.default\">\n\t\t\t\t<div class=\"elementor-widget-container\">\n\t\t\t\t\t\t\t<div class=\"elementor-icon-wrapper\">\n\t\t\t<div class=\"elementor-icon\">\n\t\t\t<svg xmlns=\"http:\/\/www.w3.org\/2000\/svg\" id=\"Layer_1\" viewBox=\"0 0 224.8 222.3\"><path d=\"M112.4,0c62,0,112.4,49.7,112.4,111.2s-50.4,111.2-112.4,111.2C50.4,222.3,0,172.6,0,111.2,0,49.7,50.4,0,112.4,0ZM112.4,15.4c-53.6,0-97,43-97,95.7,0,52.8,43.3,95.7,97,95.7,53.6,0,97-43,97-95.7,0-52.8-43.3-95.7-97-95.7ZM117.5,65.7c3-3,7.9-3.1,10.9,0l40.5,40c0,0,.2.2.3.3,0,0,0,0,.1.1,0,0,0,.1.1.2,1.1,1.3,1.8,3,1.8,4.9s-.3,2.4-.8,3.4c-.4.8-.9,1.5-1.5,2.1l-40.5,40c-3,3-7.9,3-10.9,0-3-3-3-7.9,0-10.9l27.1-26.8H61.3c-4.3,0-7.7-3.4-7.7-7.7,0-4.3,3.4-7.7,7.7-7.7h83.4l-27.1-26.8c-3-3-3.1-7.9,0-10.9Z\"><\/path><\/svg>\t\t\t<\/div>\n\t\t<\/div>\n\t\t\t\t\t\t<\/div>\n\t\t\t\t<\/div>\n\t\t\t\t<\/div>\n\t\t\t\t<\/a>\n\t\t<a class=\"elementor-element elementor-element-5e4652fe e-con-full e-transform box-shadow e-flex e-con e-child\" data-id=\"5e4652fe\" data-element_type=\"container\" data-e-type=\"container\" data-settings=\"{&quot;jet_parallax_layout_list&quot;:[],&quot;background_background&quot;:&quot;classic&quot;,&quot;_transform_translateY_effect_hover&quot;:{&quot;unit&quot;:&quot;px&quot;,&quot;size&quot;:-4,&quot;sizes&quot;:[]},&quot;_transform_translateX_effect_hover&quot;:{&quot;unit&quot;:&quot;px&quot;,&quot;size&quot;:&quot;&quot;,&quot;sizes&quot;:[]},&quot;_transform_translateX_effect_hover_laptop&quot;:{&quot;unit&quot;:&quot;px&quot;,&quot;size&quot;:&quot;&quot;,&quot;sizes&quot;:[]},&quot;_transform_translateX_effect_hover_tablet&quot;:{&quot;unit&quot;:&quot;px&quot;,&quot;size&quot;:&quot;&quot;,&quot;sizes&quot;:[]},&quot;_transform_translateX_effect_hover_mobile&quot;:{&quot;unit&quot;:&quot;px&quot;,&quot;size&quot;:&quot;&quot;,&quot;sizes&quot;:[]},&quot;_transform_translateY_effect_hover_laptop&quot;:{&quot;unit&quot;:&quot;px&quot;,&quot;size&quot;:&quot;&quot;,&quot;sizes&quot;:[]},&quot;_transform_translateY_effect_hover_tablet&quot;:{&quot;unit&quot;:&quot;px&quot;,&quot;size&quot;:&quot;&quot;,&quot;sizes&quot;:[]},&quot;_transform_translateY_effect_hover_mobile&quot;:{&quot;unit&quot;:&quot;px&quot;,&quot;size&quot;:&quot;&quot;,&quot;sizes&quot;:[]}}\" href=\"https:\/\/hagelberg.fi\/rakentamisen-palvelut\/vesi-ja-viemarit\/\">\n\t\t\t\t<div class=\"elementor-element elementor-element-6cf76379 elementor-widget elementor-widget-image\" data-id=\"6cf76379\" data-element_type=\"widget\" data-e-type=\"widget\" data-widget_type=\"image.default\">\n\t\t\t\t<div class=\"elementor-widget-container\">\n\t\t\t\t\t\t\t\t\t\t\t\t\t\t\t<img loading=\"lazy\" decoding=\"async\" width=\"1536\" height=\"864\" src=\"https:\/\/hagelberg.fi\/wp-content\/uploads\/2025\/11\/vesi-viemarit-1536x864.jpg\" class=\"attachment-1536x1536 size-1536x1536 wp-image-955\" alt=\"\" srcset=\"https:\/\/hagelberg.fi\/wp-content\/uploads\/2025\/11\/vesi-viemarit-1536x864.jpg 1536w, https:\/\/hagelberg.fi\/wp-content\/uploads\/2025\/11\/vesi-viemarit-300x169.jpg 300w, https:\/\/hagelberg.fi\/wp-content\/uploads\/2025\/11\/vesi-viemarit-1024x576.jpg 1024w, https:\/\/hagelberg.fi\/wp-content\/uploads\/2025\/11\/vesi-viemarit-768x432.jpg 768w, https:\/\/hagelberg.fi\/wp-content\/uploads\/2025\/11\/vesi-viemarit.jpg 1920w\" sizes=\"(max-width: 1536px) 100vw, 1536px\" \/>\t\t\t\t\t\t\t\t\t\t\t\t\t\t\t<\/div>\n\t\t\t\t<\/div>\n\t\t<div class=\"elementor-element elementor-element-25c77f0a e-con-full e-flex e-con e-child\" data-id=\"25c77f0a\" data-element_type=\"container\" data-e-type=\"container\" data-settings=\"{&quot;jet_parallax_layout_list&quot;:[]}\">\n\t\t\t\t<div class=\"elementor-element elementor-element-41a9e8d3 elementor-widget elementor-widget-heading\" data-id=\"41a9e8d3\" data-element_type=\"widget\" data-e-type=\"widget\" data-widget_type=\"heading.default\">\n\t\t\t\t<div class=\"elementor-widget-container\">\n\t\t\t\t\t<h3 class=\"elementor-heading-title elementor-size-default\">Vatten och avlopp<\/h3>\t\t\t\t<\/div>\n\t\t\t\t<\/div>\n\t\t\t\t<div class=\"elementor-element elementor-element-19a3f768 elementor-view-default elementor-widget elementor-widget-icon\" data-id=\"19a3f768\" data-element_type=\"widget\" data-e-type=\"widget\" data-widget_type=\"icon.default\">\n\t\t\t\t<div class=\"elementor-widget-container\">\n\t\t\t\t\t\t\t<div class=\"elementor-icon-wrapper\">\n\t\t\t<div class=\"elementor-icon\">\n\t\t\t<svg xmlns=\"http:\/\/www.w3.org\/2000\/svg\" id=\"Layer_1\" viewBox=\"0 0 224.8 222.3\"><path d=\"M112.4,0c62,0,112.4,49.7,112.4,111.2s-50.4,111.2-112.4,111.2C50.4,222.3,0,172.6,0,111.2,0,49.7,50.4,0,112.4,0ZM112.4,15.4c-53.6,0-97,43-97,95.7,0,52.8,43.3,95.7,97,95.7,53.6,0,97-43,97-95.7,0-52.8-43.3-95.7-97-95.7ZM117.5,65.7c3-3,7.9-3.1,10.9,0l40.5,40c0,0,.2.2.3.3,0,0,0,0,.1.1,0,0,0,.1.1.2,1.1,1.3,1.8,3,1.8,4.9s-.3,2.4-.8,3.4c-.4.8-.9,1.5-1.5,2.1l-40.5,40c-3,3-7.9,3-10.9,0-3-3-3-7.9,0-10.9l27.1-26.8H61.3c-4.3,0-7.7-3.4-7.7-7.7,0-4.3,3.4-7.7,7.7-7.7h83.4l-27.1-26.8c-3-3-3.1-7.9,0-10.9Z\"><\/path><\/svg>\t\t\t<\/div>\n\t\t<\/div>\n\t\t\t\t\t\t<\/div>\n\t\t\t\t<\/div>\n\t\t\t\t<\/div>\n\t\t\t\t<\/a>\n\t\t<a class=\"elementor-element elementor-element-32ce123 e-con-full e-transform box-shadow e-flex e-con e-child\" data-id=\"32ce123\" data-element_type=\"container\" data-e-type=\"container\" data-settings=\"{&quot;jet_parallax_layout_list&quot;:[],&quot;background_background&quot;:&quot;classic&quot;,&quot;_transform_translateY_effect_hover&quot;:{&quot;unit&quot;:&quot;px&quot;,&quot;size&quot;:-4,&quot;sizes&quot;:[]},&quot;_transform_translateX_effect_hover&quot;:{&quot;unit&quot;:&quot;px&quot;,&quot;size&quot;:&quot;&quot;,&quot;sizes&quot;:[]},&quot;_transform_translateX_effect_hover_laptop&quot;:{&quot;unit&quot;:&quot;px&quot;,&quot;size&quot;:&quot;&quot;,&quot;sizes&quot;:[]},&quot;_transform_translateX_effect_hover_tablet&quot;:{&quot;unit&quot;:&quot;px&quot;,&quot;size&quot;:&quot;&quot;,&quot;sizes&quot;:[]},&quot;_transform_translateX_effect_hover_mobile&quot;:{&quot;unit&quot;:&quot;px&quot;,&quot;size&quot;:&quot;&quot;,&quot;sizes&quot;:[]},&quot;_transform_translateY_effect_hover_laptop&quot;:{&quot;unit&quot;:&quot;px&quot;,&quot;size&quot;:&quot;&quot;,&quot;sizes&quot;:[]},&quot;_transform_translateY_effect_hover_tablet&quot;:{&quot;unit&quot;:&quot;px&quot;,&quot;size&quot;:&quot;&quot;,&quot;sizes&quot;:[]},&quot;_transform_translateY_effect_hover_mobile&quot;:{&quot;unit&quot;:&quot;px&quot;,&quot;size&quot;:&quot;&quot;,&quot;sizes&quot;:[]}}\" href=\"https:\/\/hagelberg.fi\/rakentamisen-palvelut\/maansiirto\/\">\n\t\t\t\t<div class=\"elementor-element elementor-element-1d502b43 elementor-widget elementor-widget-image\" data-id=\"1d502b43\" data-element_type=\"widget\" data-e-type=\"widget\" data-widget_type=\"image.default\">\n\t\t\t\t<div class=\"elementor-widget-container\">\n\t\t\t\t\t\t\t\t\t\t\t\t\t\t\t<img loading=\"lazy\" decoding=\"async\" width=\"847\" height=\"476\" src=\"https:\/\/hagelberg.fi\/wp-content\/uploads\/2025\/11\/kuljetuspalvelut.jpg\" class=\"attachment-1536x1536 size-1536x1536 wp-image-953\" alt=\"\" srcset=\"https:\/\/hagelberg.fi\/wp-content\/uploads\/2025\/11\/kuljetuspalvelut.jpg 847w, https:\/\/hagelberg.fi\/wp-content\/uploads\/2025\/11\/kuljetuspalvelut-300x169.jpg 300w, https:\/\/hagelberg.fi\/wp-content\/uploads\/2025\/11\/kuljetuspalvelut-768x432.jpg 768w\" sizes=\"(max-width: 847px) 100vw, 847px\" \/>\t\t\t\t\t\t\t\t\t\t\t\t\t\t\t<\/div>\n\t\t\t\t<\/div>\n\t\t<div class=\"elementor-element elementor-element-33b8471d e-con-full e-flex e-con e-child\" data-id=\"33b8471d\" data-element_type=\"container\" data-e-type=\"container\" data-settings=\"{&quot;jet_parallax_layout_list&quot;:[]}\">\n\t\t\t\t<div class=\"elementor-element elementor-element-13b95192 elementor-widget elementor-widget-heading\" data-id=\"13b95192\" data-element_type=\"widget\" data-e-type=\"widget\" data-widget_type=\"heading.default\">\n\t\t\t\t<div class=\"elementor-widget-container\">\n\t\t\t\t\t<h3 class=\"elementor-heading-title elementor-size-default\">Transporttj\u00e4nster<\/h3>\t\t\t\t<\/div>\n\t\t\t\t<\/div>\n\t\t\t\t<div class=\"elementor-element elementor-element-32e867ad elementor-view-default elementor-widget elementor-widget-icon\" data-id=\"32e867ad\" data-element_type=\"widget\" data-e-type=\"widget\" data-widget_type=\"icon.default\">\n\t\t\t\t<div class=\"elementor-widget-container\">\n\t\t\t\t\t\t\t<div class=\"elementor-icon-wrapper\">\n\t\t\t<div class=\"elementor-icon\">\n\t\t\t<svg xmlns=\"http:\/\/www.w3.org\/2000\/svg\" id=\"Layer_1\" viewBox=\"0 0 224.8 222.3\"><path d=\"M112.4,0c62,0,112.4,49.7,112.4,111.2s-50.4,111.2-112.4,111.2C50.4,222.3,0,172.6,0,111.2,0,49.7,50.4,0,112.4,0ZM112.4,15.4c-53.6,0-97,43-97,95.7,0,52.8,43.3,95.7,97,95.7,53.6,0,97-43,97-95.7,0-52.8-43.3-95.7-97-95.7ZM117.5,65.7c3-3,7.9-3.1,10.9,0l40.5,40c0,0,.2.2.3.3,0,0,0,0,.1.1,0,0,0,.1.1.2,1.1,1.3,1.8,3,1.8,4.9s-.3,2.4-.8,3.4c-.4.8-.9,1.5-1.5,2.1l-40.5,40c-3,3-7.9,3-10.9,0-3-3-3-7.9,0-10.9l27.1-26.8H61.3c-4.3,0-7.7-3.4-7.7-7.7,0-4.3,3.4-7.7,7.7-7.7h83.4l-27.1-26.8c-3-3-3.1-7.9,0-10.9Z\"><\/path><\/svg>\t\t\t<\/div>\n\t\t<\/div>\n\t\t\t\t\t\t<\/div>\n\t\t\t\t<\/div>\n\t\t\t\t<\/div>\n\t\t\t\t<\/a>\n\t\t\t\t<\/div>\n\t\t\t\t<\/div>\n\t\t\t\t<\/div>\n\t\t\t\t\t\t<\/div>\n\t\t\t\t<\/div>\n\t\t\t\t\t<\/div>\n\t\t\t\t<\/div>\n\t\t\t\t<\/div>\n\t\t","protected":false},"excerpt":{"rendered":"<p>Vi erbjuder helt\u00e4ckande tj\u00e4nster inom markarbeten och infrastrukturbyggande i huvudstadsregionen: Helsingfors, Esbo, Vanda och hela Nyland. V\u00e5ra tj\u00e4nster omfattar v\u00e4g- och gatubyggnad, schaktning, massutbyte, grundl\u00e4ggning, vattenf\u00f6rs\u00f6rjningsarbeten, kabelr\u00f6rl\u00e4ggning samt finplanering och ledningsarbeten f\u00f6r vattenandelslag.<\/p>\n","protected":false},"author":1,"featured_media":977,"parent":0,"menu_order":0,"comment_status":"closed","ping_status":"closed","template":"","meta":{"footnotes":""},"class_list":["post-976","page","type-page","status-publish","has-post-thumbnail","hentry"],"_links":{"self":[{"href":"https:\/\/hagelberg.fi\/sv\/wp-json\/wp\/v2\/pages\/976","targetHints":{"allow":["GET"]}}],"collection":[{"href":"https:\/\/hagelberg.fi\/sv\/wp-json\/wp\/v2\/pages"}],"about":[{"href":"https:\/\/hagelberg.fi\/sv\/wp-json\/wp\/v2\/types\/page"}],"author":[{"embeddable":true,"href":"https:\/\/hagelberg.fi\/sv\/wp-json\/wp\/v2\/users\/1"}],"replies":[{"embeddable":true,"href":"https:\/\/hagelberg.fi\/sv\/wp-json\/wp\/v2\/comments?post=976"}],"version-history":[{"count":1,"href":"https:\/\/hagelberg.fi\/sv\/wp-json\/wp\/v2\/pages\/976\/revisions"}],"predecessor-version":[{"id":978,"href":"https:\/\/hagelberg.fi\/sv\/wp-json\/wp\/v2\/pages\/976\/revisions\/978"}],"wp:featuredmedia":[{"embeddable":true,"href":"https:\/\/hagelberg.fi\/sv\/wp-json\/wp\/v2\/media\/977"}],"wp:attachment":[{"href":"https:\/\/hagelberg.fi\/sv\/wp-json\/wp\/v2\/media?parent=976"}],"curies":[{"name":"wp","href":"https:\/\/api.w.org\/{rel}","templated":true}]}}