{"id":944,"date":"2025-11-26T15:51:25","date_gmt":"2025-11-26T13:51:25","guid":{"rendered":"https:\/\/hagelberg.sivustamo.dev\/markarbeten\/"},"modified":"2026-01-21T17:45:08","modified_gmt":"2026-01-21T15:45:08","slug":"markarbeten","status":"publish","type":"page","link":"https:\/\/hagelberg.fi\/sv\/byggtjanster\/markarbeten\/","title":{"rendered":"Markarbeten"},"content":{"rendered":"\t\t<div data-elementor-type=\"wp-page\" data-elementor-id=\"944\" class=\"elementor elementor-944 elementor-735\" data-elementor-post-type=\"page\">\n\t\t\t\t<div class=\"elementor-element elementor-element-ee7539f e-con-full e-flex e-con e-parent\" data-id=\"ee7539f\" data-element_type=\"container\" data-e-type=\"container\" data-settings=\"{&quot;jet_parallax_layout_list&quot;:[]}\">\n\t\t\t\t<div class=\"elementor-element elementor-element-f3fba93 elementor-widget elementor-widget-template\" data-id=\"f3fba93\" data-element_type=\"widget\" data-e-type=\"widget\" data-widget_type=\"template.default\">\n\t\t\t\t<div class=\"elementor-widget-container\">\n\t\t\t\t\t\t\t<div class=\"elementor-template\">\n\t\t\t\t\t<div data-elementor-type=\"container\" data-elementor-id=\"1072\" class=\"elementor elementor-1072 elementor-520 elementor-520\" data-elementor-post-type=\"elementor_library\">\n\t\t\t\t<div class=\"elementor-element elementor-element-500a897e e-flex e-con-boxed e-con e-parent\" data-id=\"500a897e\" data-element_type=\"container\" data-e-type=\"container\" data-settings=\"{&quot;jet_parallax_layout_list&quot;:[]}\">\n\t\t\t\t\t<div class=\"e-con-inner\">\n\t\t<div class=\"elementor-element elementor-element-5f0a16cb e-con-full e-flex e-con e-child\" data-id=\"5f0a16cb\" data-element_type=\"container\" data-e-type=\"container\" data-settings=\"{&quot;jet_parallax_layout_list&quot;:[],&quot;background_background&quot;:&quot;classic&quot;}\">\n\t\t<div class=\"elementor-element elementor-element-31b7b779 e-con-full e-flex e-con e-child\" data-id=\"31b7b779\" data-element_type=\"container\" data-e-type=\"container\" data-settings=\"{&quot;jet_parallax_layout_list&quot;:[]}\">\n\t\t<div class=\"elementor-element elementor-element-5fc2796b e-con-full e-flex e-con e-child\" data-id=\"5fc2796b\" data-element_type=\"container\" data-e-type=\"container\" data-settings=\"{&quot;jet_parallax_layout_list&quot;:[]}\">\n\t\t\t\t<div class=\"elementor-element elementor-element-72ff02b9 jedv-enabled--yes elementor-widget elementor-widget-heading\" data-id=\"72ff02b9\" data-element_type=\"widget\" data-e-type=\"widget\" data-widget_type=\"heading.default\">\n\t\t\t\t<div class=\"elementor-widget-container\">\n\t\t\t\t\t<h1 class=\"elementor-heading-title elementor-size-default\">Markarbeten, schaktning och massutbyte<\/h1>\t\t\t\t<\/div>\n\t\t\t\t<\/div>\n\t\t\t\t<div class=\"elementor-element elementor-element-43c3ba0 jet-breadcrumbs-align-left jet-breadcrumbs-align-mobile-center elementor-widget elementor-widget-jet-breadcrumbs\" data-id=\"43c3ba0\" data-element_type=\"widget\" data-e-type=\"widget\" data-widget_type=\"jet-breadcrumbs.default\">\n\t\t\t\t<div class=\"elementor-widget-container\">\n\t\t\t\t\t<div class=\"elementor-jet-breadcrumbs jet-blocks\">\n\t\t<div class=\"jet-breadcrumbs\">\n\t\t<div class=\"jet-breadcrumbs__content\">\n\t\t<div class=\"jet-breadcrumbs__wrap\"><div class=\"jet-breadcrumbs__item\"><a href=\"https:\/\/hagelberg.fi\/sv\/\" class=\"jet-breadcrumbs__item-link is-home\" rel=\"home\" title=\"Startsida\">Startsida<\/a><\/div>\n\t\t<\/div>\n\t\t<\/div>\n\t\t<\/div><\/div>\t\t\t\t<\/div>\n\t\t\t\t<\/div>\n\t\t\t\t<\/div>\n\t\t\t\t<\/div>\n\t\t<div class=\"elementor-element elementor-element-3f3e6c92 e-con-full e-flex e-con e-child\" data-id=\"3f3e6c92\" data-element_type=\"container\" data-e-type=\"container\" data-settings=\"{&quot;jet_parallax_layout_list&quot;:[]}\">\n\t\t\t\t<div class=\"elementor-element elementor-element-5ff133b7 elementor-widget elementor-widget-image\" data-id=\"5ff133b7\" data-element_type=\"widget\" data-e-type=\"widget\" data-widget_type=\"image.default\">\n\t\t\t\t<div class=\"elementor-widget-container\">\n\t\t\t\t\t\t\t\t\t\t\t\t\t\t\t<img fetchpriority=\"high\" decoding=\"async\" width=\"1920\" height=\"1080\" src=\"https:\/\/hagelberg.fi\/wp-content\/uploads\/2025\/11\/Hagelberg-3.jpg\" class=\"attachment-full size-full wp-image-945\" alt=\"\" srcset=\"https:\/\/hagelberg.fi\/wp-content\/uploads\/2025\/11\/Hagelberg-3.jpg 1920w, https:\/\/hagelberg.fi\/wp-content\/uploads\/2025\/11\/Hagelberg-3-300x169.jpg 300w, https:\/\/hagelberg.fi\/wp-content\/uploads\/2025\/11\/Hagelberg-3-1024x576.jpg 1024w, https:\/\/hagelberg.fi\/wp-content\/uploads\/2025\/11\/Hagelberg-3-768x432.jpg 768w, https:\/\/hagelberg.fi\/wp-content\/uploads\/2025\/11\/Hagelberg-3-1536x864.jpg 1536w\" sizes=\"(max-width: 1920px) 100vw, 1920px\" \/>\t\t\t\t\t\t\t\t\t\t\t\t\t\t\t<\/div>\n\t\t\t\t<\/div>\n\t\t\t\t<\/div>\n\t\t\t\t<\/div>\n\t\t\t\t\t<\/div>\n\t\t\t\t<\/div>\n\t\t\t\t<\/div>\n\t\t\t\t<\/div>\n\t\t\t\t\t\t<\/div>\n\t\t\t\t<\/div>\n\t\t\t\t<\/div>\n\t\t<div class=\"elementor-element elementor-element-9a9bc90 osiomargin e-flex e-con-boxed e-con e-parent\" data-id=\"9a9bc90\" data-element_type=\"container\" data-e-type=\"container\" data-settings=\"{&quot;jet_parallax_layout_list&quot;:[]}\">\n\t\t\t\t\t<div class=\"e-con-inner\">\n\t\t\t\t<div class=\"elementor-element elementor-element-77e09f3 elementor-widget elementor-widget-text-editor\" data-id=\"77e09f3\" data-element_type=\"widget\" data-e-type=\"widget\" data-widget_type=\"text-editor.default\">\n\t\t\t\t<div class=\"elementor-widget-container\">\n\t\t\t\t\t\t\t\t\t<p>Markarbeten \u00e4r en av v\u00e5ra viktigaste tj\u00e4nster. Vi utf\u00f6r schaktning, massutbyte och grundl\u00e4ggning f\u00f6r alla typer av projekt \u2013 fr\u00e5n villatomter till stora f\u00f6retagsomr\u00e5den.<\/p><ul><li>Borttagning av svaga jordmassor<\/li><li>F\u00f6rb\u00e4ttring av b\u00e4righet<\/li><li>Utj\u00e4mnings- och fyllningsarbeten<\/li><li>Grundarbeten f\u00f6r byggnader<\/li><li>Dr\u00e4nering och tj\u00e4lskydd<\/li><\/ul><p><strong>Grundl\u00e4ggning<\/strong> ing\u00e5r i totalentreprenaden. Vi bygger h\u00e5llbara grunder som s\u00e4kerst\u00e4ller konstruktionernas l\u00e5ngsiktiga h\u00e5llbarhet.<\/p><p><strong>Skyddsr\u00f6r f\u00f6r kablar<\/strong> ing\u00e5r vid behov i samma helhet \u2013 vi utf\u00f6r s\u00e4kra, f\u00f6reskriftsenliga r\u00f6rdragningar f\u00f6r el- och telekommunikationskablar.<\/p>\t\t\t\t\t\t\t\t<\/div>\n\t\t\t\t<\/div>\n\t\t\t\t<div class=\"elementor-element elementor-element-697f4d3 elementor-widget elementor-widget-button\" data-id=\"697f4d3\" data-element_type=\"widget\" data-e-type=\"widget\" data-widget_type=\"button.default\">\n\t\t\t\t<div class=\"elementor-widget-container\">\n\t\t\t\t\t\t\t\t\t<div class=\"elementor-button-wrapper\">\n\t\t\t\t\t<a class=\"elementor-button elementor-button-link elementor-size-sm elementor-animation-float\" href=\"https:\/\/hagelberg.fi\/sv\/kontaktuppgifter\/\">\n\t\t\t\t\t\t<span class=\"elementor-button-content-wrapper\">\n\t\t\t\t\t\t<span class=\"elementor-button-icon\">\n\t\t\t\t<svg xmlns=\"http:\/\/www.w3.org\/2000\/svg\" id=\"Layer_1\" viewBox=\"0 0 224.8 222.3\"><path d=\"M112.4,0c62,0,112.4,49.7,112.4,111.2s-50.4,111.2-112.4,111.2C50.4,222.3,0,172.6,0,111.2,0,49.7,50.4,0,112.4,0ZM112.4,15.4c-53.6,0-97,43-97,95.7,0,52.8,43.3,95.7,97,95.7,53.6,0,97-43,97-95.7,0-52.8-43.3-95.7-97-95.7ZM117.5,65.7c3-3,7.9-3.1,10.9,0l40.5,40c0,0,.2.2.3.3,0,0,0,0,.1.1,0,0,0,.1.1.2,1.1,1.3,1.8,3,1.8,4.9s-.3,2.4-.8,3.4c-.4.8-.9,1.5-1.5,2.1l-40.5,40c-3,3-7.9,3-10.9,0-3-3-3-7.9,0-10.9l27.1-26.8H61.3c-4.3,0-7.7-3.4-7.7-7.7,0-4.3,3.4-7.7,7.7-7.7h83.4l-27.1-26.8c-3-3-3.1-7.9,0-10.9Z\"><\/path><\/svg>\t\t\t<\/span>\n\t\t\t\t\t\t\t\t\t<span class=\"elementor-button-text\">Kontakta oss<\/span>\n\t\t\t\t\t<\/span>\n\t\t\t\t\t<\/a>\n\t\t\t\t<\/div>\n\t\t\t\t\t\t\t\t<\/div>\n\t\t\t\t<\/div>\n\t\t\t\t\t<\/div>\n\t\t\t\t<\/div>\n\t\t\t\t<\/div>\n\t\t","protected":false},"excerpt":{"rendered":"<p>Markarbeten \u00e4r en av v\u00e5ra viktigaste tj\u00e4nster. Vi utf\u00f6r schaktning, massutbyte och grundl\u00e4ggning f\u00f6r alla typer av projekt \u2013 fr\u00e5n villatomter till stora f\u00f6retagsomr\u00e5den. Borttagning av svaga jordmassor F\u00f6rb\u00e4ttring av b\u00e4righet Utj\u00e4mnings- och fyllningsarbeten Grundarbeten f\u00f6r byggnader Dr\u00e4nering och tj\u00e4lskydd Grundl\u00e4ggning ing\u00e5r i totalentreprenaden. Vi bygger h\u00e5llbara grunder som s\u00e4kerst\u00e4ller konstruktionernas l\u00e5ngsiktiga h\u00e5llbarhet. Skyddsr\u00f6r f\u00f6r [&hellip;]<\/p>\n","protected":false},"author":1,"featured_media":945,"parent":976,"menu_order":0,"comment_status":"closed","ping_status":"closed","template":"","meta":{"footnotes":""},"class_list":["post-944","page","type-page","status-publish","has-post-thumbnail","hentry"],"_links":{"self":[{"href":"https:\/\/hagelberg.fi\/sv\/wp-json\/wp\/v2\/pages\/944","targetHints":{"allow":["GET"]}}],"collection":[{"href":"https:\/\/hagelberg.fi\/sv\/wp-json\/wp\/v2\/pages"}],"about":[{"href":"https:\/\/hagelberg.fi\/sv\/wp-json\/wp\/v2\/types\/page"}],"author":[{"embeddable":true,"href":"https:\/\/hagelberg.fi\/sv\/wp-json\/wp\/v2\/users\/1"}],"replies":[{"embeddable":true,"href":"https:\/\/hagelberg.fi\/sv\/wp-json\/wp\/v2\/comments?post=944"}],"version-history":[{"count":1,"href":"https:\/\/hagelberg.fi\/sv\/wp-json\/wp\/v2\/pages\/944\/revisions"}],"predecessor-version":[{"id":946,"href":"https:\/\/hagelberg.fi\/sv\/wp-json\/wp\/v2\/pages\/944\/revisions\/946"}],"up":[{"embeddable":true,"href":"https:\/\/hagelberg.fi\/sv\/wp-json\/wp\/v2\/pages\/976"}],"wp:featuredmedia":[{"embeddable":true,"href":"https:\/\/hagelberg.fi\/sv\/wp-json\/wp\/v2\/media\/945"}],"wp:attachment":[{"href":"https:\/\/hagelberg.fi\/sv\/wp-json\/wp\/v2\/media?parent=944"}],"curies":[{"name":"wp","href":"https:\/\/api.w.org\/{rel}","templated":true}]}}