{"id":938,"date":"2025-11-26T15:09:39","date_gmt":"2025-11-26T13:09:39","guid":{"rendered":"https:\/\/hagelberg.sivustamo.dev\/stenmaterial\/"},"modified":"2026-01-21T17:45:08","modified_gmt":"2026-01-21T15:45:08","slug":"stenmaterial","status":"publish","type":"page","link":"https:\/\/hagelberg.fi\/sv\/stenmaterial\/","title":{"rendered":"Stenmaterial"},"content":{"rendered":"\t\t<div data-elementor-type=\"wp-page\" data-elementor-id=\"938\" class=\"elementor elementor-938 elementor-700\" data-elementor-post-type=\"page\">\n\t\t\t\t<div class=\"elementor-element elementor-element-ee7539f e-con-full e-flex e-con e-parent\" data-id=\"ee7539f\" data-element_type=\"container\" data-e-type=\"container\" data-settings=\"{&quot;jet_parallax_layout_list&quot;:[]}\">\n\t\t\t\t<div class=\"elementor-element elementor-element-f3fba93 elementor-widget elementor-widget-template\" data-id=\"f3fba93\" data-element_type=\"widget\" data-e-type=\"widget\" data-widget_type=\"template.default\">\n\t\t\t\t<div class=\"elementor-widget-container\">\n\t\t\t\t\t\t\t<div class=\"elementor-template\">\n\t\t\t\t\t<div data-elementor-type=\"container\" data-elementor-id=\"1072\" class=\"elementor elementor-1072 elementor-520 elementor-520\" data-elementor-post-type=\"elementor_library\">\n\t\t\t\t<div class=\"elementor-element elementor-element-500a897e e-flex e-con-boxed e-con e-parent\" data-id=\"500a897e\" data-element_type=\"container\" data-e-type=\"container\" data-settings=\"{&quot;jet_parallax_layout_list&quot;:[]}\">\n\t\t\t\t\t<div class=\"e-con-inner\">\n\t\t<div class=\"elementor-element elementor-element-5f0a16cb e-con-full e-flex e-con e-child\" data-id=\"5f0a16cb\" data-element_type=\"container\" data-e-type=\"container\" data-settings=\"{&quot;jet_parallax_layout_list&quot;:[],&quot;background_background&quot;:&quot;classic&quot;}\">\n\t\t<div class=\"elementor-element elementor-element-31b7b779 e-con-full e-flex e-con e-child\" data-id=\"31b7b779\" data-element_type=\"container\" data-e-type=\"container\" data-settings=\"{&quot;jet_parallax_layout_list&quot;:[]}\">\n\t\t<div class=\"elementor-element elementor-element-5fc2796b e-con-full e-flex e-con e-child\" data-id=\"5fc2796b\" data-element_type=\"container\" data-e-type=\"container\" data-settings=\"{&quot;jet_parallax_layout_list&quot;:[]}\">\n\t\t\t\t<div class=\"elementor-element elementor-element-72ff02b9 jedv-enabled--yes elementor-widget elementor-widget-heading\" data-id=\"72ff02b9\" data-element_type=\"widget\" data-e-type=\"widget\" data-widget_type=\"heading.default\">\n\t\t\t\t<div class=\"elementor-widget-container\">\n\t\t\t\t\t<h1 class=\"elementor-heading-title elementor-size-default\">Stenmaterial levererat eller avh\u00e4mtat i huvudstadsregionen<\/h1>\t\t\t\t<\/div>\n\t\t\t\t<\/div>\n\t\t\t\t<div class=\"elementor-element elementor-element-43c3ba0 jet-breadcrumbs-align-left jet-breadcrumbs-align-mobile-center elementor-widget elementor-widget-jet-breadcrumbs\" data-id=\"43c3ba0\" data-element_type=\"widget\" data-e-type=\"widget\" data-widget_type=\"jet-breadcrumbs.default\">\n\t\t\t\t<div class=\"elementor-widget-container\">\n\t\t\t\t\t<div class=\"elementor-jet-breadcrumbs jet-blocks\">\n\t\t<div class=\"jet-breadcrumbs\">\n\t\t<div class=\"jet-breadcrumbs__content\">\n\t\t<div class=\"jet-breadcrumbs__wrap\"><div class=\"jet-breadcrumbs__item\"><a href=\"https:\/\/hagelberg.fi\/sv\/\" class=\"jet-breadcrumbs__item-link is-home\" rel=\"home\" title=\"Startsida\">Startsida<\/a><\/div>\n\t\t<\/div>\n\t\t<\/div>\n\t\t<\/div><\/div>\t\t\t\t<\/div>\n\t\t\t\t<\/div>\n\t\t\t\t<\/div>\n\t\t\t\t<\/div>\n\t\t<div class=\"elementor-element elementor-element-3f3e6c92 e-con-full e-flex e-con e-child\" data-id=\"3f3e6c92\" data-element_type=\"container\" data-e-type=\"container\" data-settings=\"{&quot;jet_parallax_layout_list&quot;:[]}\">\n\t\t\t\t<div class=\"elementor-element elementor-element-5ff133b7 elementor-widget elementor-widget-image\" data-id=\"5ff133b7\" data-element_type=\"widget\" data-e-type=\"widget\" data-widget_type=\"image.default\">\n\t\t\t\t<div class=\"elementor-widget-container\">\n\t\t\t\t\t\t\t\t\t\t\t\t\t\t\t<img fetchpriority=\"high\" decoding=\"async\" width=\"1920\" height=\"1280\" src=\"https:\/\/hagelberg.fi\/wp-content\/uploads\/2025\/11\/Hagelberg-4.jpg\" class=\"attachment-full size-full wp-image-939\" alt=\"\" srcset=\"https:\/\/hagelberg.fi\/wp-content\/uploads\/2025\/11\/Hagelberg-4.jpg 1920w, https:\/\/hagelberg.fi\/wp-content\/uploads\/2025\/11\/Hagelberg-4-300x200.jpg 300w, https:\/\/hagelberg.fi\/wp-content\/uploads\/2025\/11\/Hagelberg-4-1024x683.jpg 1024w, https:\/\/hagelberg.fi\/wp-content\/uploads\/2025\/11\/Hagelberg-4-768x512.jpg 768w, https:\/\/hagelberg.fi\/wp-content\/uploads\/2025\/11\/Hagelberg-4-1536x1024.jpg 1536w\" sizes=\"(max-width: 1920px) 100vw, 1920px\" \/>\t\t\t\t\t\t\t\t\t\t\t\t\t\t\t<\/div>\n\t\t\t\t<\/div>\n\t\t\t\t<\/div>\n\t\t\t\t<\/div>\n\t\t\t\t\t<\/div>\n\t\t\t\t<\/div>\n\t\t\t\t<\/div>\n\t\t\t\t<\/div>\n\t\t\t\t\t\t<\/div>\n\t\t\t\t<\/div>\n\t\t\t\t<\/div>\n\t\t<div class=\"elementor-element elementor-element-da0f6f0 osiomargin e-flex e-con-boxed e-con e-parent\" data-id=\"da0f6f0\" data-element_type=\"container\" data-e-type=\"container\" data-settings=\"{&quot;jet_parallax_layout_list&quot;:[]}\">\n\t\t\t\t\t<div class=\"e-con-inner\">\n\t\t\t\t<div class=\"elementor-element elementor-element-d297b05 elementor-widget elementor-widget-text-editor\" data-id=\"d297b05\" data-element_type=\"widget\" data-e-type=\"widget\" data-widget_type=\"text-editor.default\">\n\t\t\t\t<div class=\"elementor-widget-container\">\n\t\t\t\t\t\t\t\t\t<p>Vi levererar h\u00f6gkvalitativa stenmaterial snabbt och flexibelt. Genom v\u00e5rt lager f\u00e5r du bergskross, makadam, grus och jord antingen levererat till arbetsplatsen eller f\u00f6r avh\u00e4mtning.<\/p><p>Alla v\u00e5ra stenmaterial uppfyller kraven f\u00f6r infrastrukturbyggande och \u00e4r l\u00e4mpliga f\u00f6r s\u00e5v\u00e4l industri-, f\u00f6retags-, bostadsr\u00e4ttsf\u00f6renings- som sm\u00e5husprojekt. Vi betj\u00e4nar markentrepren\u00f6rer, byggf\u00f6retag och privatkunder.<\/p>\t\t\t\t\t\t\t\t<\/div>\n\t\t\t\t<\/div>\n\t\t\t\t\t<\/div>\n\t\t\t\t<\/div>\n\t\t<div class=\"elementor-element elementor-element-9a9bc90 osiomargin e-flex e-con-boxed e-con e-parent\" data-id=\"9a9bc90\" data-element_type=\"container\" data-e-type=\"container\" data-settings=\"{&quot;jet_parallax_layout_list&quot;:[]}\">\n\t\t\t\t\t<div class=\"e-con-inner\">\n\t\t\t\t<div class=\"elementor-element elementor-element-0b4ba34 elementor-widget elementor-widget-heading\" data-id=\"0b4ba34\" data-element_type=\"widget\" data-e-type=\"widget\" data-widget_type=\"heading.default\">\n\t\t\t\t<div class=\"elementor-widget-container\">\n\t\t\t\t\t<h2 class=\"elementor-heading-title elementor-size-default\">Tillg\u00e4ngliga stenmaterial<\/h2>\t\t\t\t<\/div>\n\t\t\t\t<\/div>\n\t\t<div class=\"elementor-element elementor-element-7c0151d e-con-full e-flex e-con e-child\" data-id=\"7c0151d\" data-element_type=\"container\" data-e-type=\"container\" data-settings=\"{&quot;jet_parallax_layout_list&quot;:[]}\">\n\t\t\t\t<div class=\"elementor-element elementor-element-e76bc49 elementor-widget elementor-widget-template\" data-id=\"e76bc49\" data-element_type=\"widget\" data-e-type=\"widget\" data-widget_type=\"template.default\">\n\t\t\t\t<div class=\"elementor-widget-container\">\n\t\t\t\t\t\t\t<div class=\"elementor-template\">\n\t\t\t\t\t<div data-elementor-type=\"container\" data-elementor-id=\"1070\" class=\"elementor elementor-1070 elementor-687 elementor-687\" data-elementor-post-type=\"elementor_library\">\n\t\t\t\t<div class=\"elementor-element elementor-element-39a5d884 e-grid e-con-full e-con e-child\" data-id=\"39a5d884\" data-element_type=\"container\" data-e-type=\"container\" data-settings=\"{&quot;jet_parallax_layout_list&quot;:[]}\">\n\t\t<a class=\"elementor-element elementor-element-50127942 e-con-full e-transform box-shadow e-flex e-con e-child\" data-id=\"50127942\" data-element_type=\"container\" data-e-type=\"container\" data-settings=\"{&quot;jet_parallax_layout_list&quot;:[],&quot;background_background&quot;:&quot;classic&quot;,&quot;_transform_translateY_effect_hover&quot;:{&quot;unit&quot;:&quot;px&quot;,&quot;size&quot;:-4,&quot;sizes&quot;:[]},&quot;_transform_translateX_effect_hover&quot;:{&quot;unit&quot;:&quot;px&quot;,&quot;size&quot;:&quot;&quot;,&quot;sizes&quot;:[]},&quot;_transform_translateX_effect_hover_laptop&quot;:{&quot;unit&quot;:&quot;px&quot;,&quot;size&quot;:&quot;&quot;,&quot;sizes&quot;:[]},&quot;_transform_translateX_effect_hover_tablet&quot;:{&quot;unit&quot;:&quot;px&quot;,&quot;size&quot;:&quot;&quot;,&quot;sizes&quot;:[]},&quot;_transform_translateX_effect_hover_mobile&quot;:{&quot;unit&quot;:&quot;px&quot;,&quot;size&quot;:&quot;&quot;,&quot;sizes&quot;:[]},&quot;_transform_translateY_effect_hover_laptop&quot;:{&quot;unit&quot;:&quot;px&quot;,&quot;size&quot;:&quot;&quot;,&quot;sizes&quot;:[]},&quot;_transform_translateY_effect_hover_tablet&quot;:{&quot;unit&quot;:&quot;px&quot;,&quot;size&quot;:&quot;&quot;,&quot;sizes&quot;:[]},&quot;_transform_translateY_effect_hover_mobile&quot;:{&quot;unit&quot;:&quot;px&quot;,&quot;size&quot;:&quot;&quot;,&quot;sizes&quot;:[]}}\" href=\"https:\/\/hagelberg.fi\/kiviainekset\/kalliomurskeet\/\">\n\t\t\t\t<div class=\"elementor-element elementor-element-6c00cdba elementor-widget elementor-widget-image\" data-id=\"6c00cdba\" data-element_type=\"widget\" data-e-type=\"widget\" data-widget_type=\"image.default\">\n\t\t\t\t<div class=\"elementor-widget-container\">\n\t\t\t\t\t\t\t\t\t\t\t\t\t\t\t<img decoding=\"async\" width=\"1536\" height=\"1024\" src=\"https:\/\/hagelberg.fi\/wp-content\/uploads\/2025\/11\/Hagelberg-Kiviainekset-1536x1024.jpg\" class=\"attachment-1536x1536 size-1536x1536 wp-image-954\" alt=\"\" srcset=\"https:\/\/hagelberg.fi\/wp-content\/uploads\/2025\/11\/Hagelberg-Kiviainekset-1536x1024.jpg 1536w, https:\/\/hagelberg.fi\/wp-content\/uploads\/2025\/11\/Hagelberg-Kiviainekset-300x200.jpg 300w, https:\/\/hagelberg.fi\/wp-content\/uploads\/2025\/11\/Hagelberg-Kiviainekset-1024x683.jpg 1024w, https:\/\/hagelberg.fi\/wp-content\/uploads\/2025\/11\/Hagelberg-Kiviainekset-768x512.jpg 768w, https:\/\/hagelberg.fi\/wp-content\/uploads\/2025\/11\/Hagelberg-Kiviainekset.jpg 1920w\" sizes=\"(max-width: 1536px) 100vw, 1536px\" \/>\t\t\t\t\t\t\t\t\t\t\t\t\t\t\t<\/div>\n\t\t\t\t<\/div>\n\t\t<div class=\"elementor-element elementor-element-7f7f904f e-con-full e-flex e-con e-child\" data-id=\"7f7f904f\" data-element_type=\"container\" data-e-type=\"container\" data-settings=\"{&quot;jet_parallax_layout_list&quot;:[]}\">\n\t\t\t\t<div class=\"elementor-element elementor-element-1aed9843 elementor-widget elementor-widget-heading\" data-id=\"1aed9843\" data-element_type=\"widget\" data-e-type=\"widget\" data-widget_type=\"heading.default\">\n\t\t\t\t<div class=\"elementor-widget-container\">\n\t\t\t\t\t<h3 class=\"elementor-heading-title elementor-size-default\">Bergkross<\/h3>\t\t\t\t<\/div>\n\t\t\t\t<\/div>\n\t\t\t\t<div class=\"elementor-element elementor-element-c635ce2 elementor-view-default elementor-widget elementor-widget-icon\" data-id=\"c635ce2\" data-element_type=\"widget\" data-e-type=\"widget\" data-widget_type=\"icon.default\">\n\t\t\t\t<div class=\"elementor-widget-container\">\n\t\t\t\t\t\t\t<div class=\"elementor-icon-wrapper\">\n\t\t\t<div class=\"elementor-icon\">\n\t\t\t<svg xmlns=\"http:\/\/www.w3.org\/2000\/svg\" id=\"Layer_1\" viewBox=\"0 0 224.8 222.3\"><path d=\"M112.4,0c62,0,112.4,49.7,112.4,111.2s-50.4,111.2-112.4,111.2C50.4,222.3,0,172.6,0,111.2,0,49.7,50.4,0,112.4,0ZM112.4,15.4c-53.6,0-97,43-97,95.7,0,52.8,43.3,95.7,97,95.7,53.6,0,97-43,97-95.7,0-52.8-43.3-95.7-97-95.7ZM117.5,65.7c3-3,7.9-3.1,10.9,0l40.5,40c0,0,.2.2.3.3,0,0,0,0,.1.1,0,0,0,.1.1.2,1.1,1.3,1.8,3,1.8,4.9s-.3,2.4-.8,3.4c-.4.8-.9,1.5-1.5,2.1l-40.5,40c-3,3-7.9,3-10.9,0-3-3-3-7.9,0-10.9l27.1-26.8H61.3c-4.3,0-7.7-3.4-7.7-7.7,0-4.3,3.4-7.7,7.7-7.7h83.4l-27.1-26.8c-3-3-3.1-7.9,0-10.9Z\"><\/path><\/svg>\t\t\t<\/div>\n\t\t<\/div>\n\t\t\t\t\t\t<\/div>\n\t\t\t\t<\/div>\n\t\t\t\t<\/div>\n\t\t\t\t<\/a>\n\t\t<a class=\"elementor-element elementor-element-7bd133ca e-con-full e-transform box-shadow e-flex e-con e-child\" data-id=\"7bd133ca\" data-element_type=\"container\" data-e-type=\"container\" data-settings=\"{&quot;jet_parallax_layout_list&quot;:[],&quot;background_background&quot;:&quot;classic&quot;,&quot;_transform_translateY_effect_hover&quot;:{&quot;unit&quot;:&quot;px&quot;,&quot;size&quot;:-4,&quot;sizes&quot;:[]},&quot;_transform_translateX_effect_hover&quot;:{&quot;unit&quot;:&quot;px&quot;,&quot;size&quot;:&quot;&quot;,&quot;sizes&quot;:[]},&quot;_transform_translateX_effect_hover_laptop&quot;:{&quot;unit&quot;:&quot;px&quot;,&quot;size&quot;:&quot;&quot;,&quot;sizes&quot;:[]},&quot;_transform_translateX_effect_hover_tablet&quot;:{&quot;unit&quot;:&quot;px&quot;,&quot;size&quot;:&quot;&quot;,&quot;sizes&quot;:[]},&quot;_transform_translateX_effect_hover_mobile&quot;:{&quot;unit&quot;:&quot;px&quot;,&quot;size&quot;:&quot;&quot;,&quot;sizes&quot;:[]},&quot;_transform_translateY_effect_hover_laptop&quot;:{&quot;unit&quot;:&quot;px&quot;,&quot;size&quot;:&quot;&quot;,&quot;sizes&quot;:[]},&quot;_transform_translateY_effect_hover_tablet&quot;:{&quot;unit&quot;:&quot;px&quot;,&quot;size&quot;:&quot;&quot;,&quot;sizes&quot;:[]},&quot;_transform_translateY_effect_hover_mobile&quot;:{&quot;unit&quot;:&quot;px&quot;,&quot;size&quot;:&quot;&quot;,&quot;sizes&quot;:[]}}\" href=\"https:\/\/hagelberg.fi\/kiviainekset\/sepelit\/\">\n\t\t\t\t<div class=\"elementor-element elementor-element-41a9dea elementor-widget elementor-widget-image\" data-id=\"41a9dea\" data-element_type=\"widget\" data-e-type=\"widget\" data-widget_type=\"image.default\">\n\t\t\t\t<div class=\"elementor-widget-container\">\n\t\t\t\t\t\t\t\t\t\t\t\t\t\t\t<img decoding=\"async\" width=\"1536\" height=\"864\" src=\"https:\/\/hagelberg.fi\/wp-content\/uploads\/2025\/11\/Hagelberg-5-1536x864.jpg\" class=\"attachment-1536x1536 size-1536x1536 wp-image-952\" alt=\"\" srcset=\"https:\/\/hagelberg.fi\/wp-content\/uploads\/2025\/11\/Hagelberg-5-1536x864.jpg 1536w, https:\/\/hagelberg.fi\/wp-content\/uploads\/2025\/11\/Hagelberg-5-300x169.jpg 300w, https:\/\/hagelberg.fi\/wp-content\/uploads\/2025\/11\/Hagelberg-5-1024x576.jpg 1024w, https:\/\/hagelberg.fi\/wp-content\/uploads\/2025\/11\/Hagelberg-5-768x432.jpg 768w, https:\/\/hagelberg.fi\/wp-content\/uploads\/2025\/11\/Hagelberg-5.jpg 1686w\" sizes=\"(max-width: 1536px) 100vw, 1536px\" \/>\t\t\t\t\t\t\t\t\t\t\t\t\t\t\t<\/div>\n\t\t\t\t<\/div>\n\t\t<div class=\"elementor-element elementor-element-1533186b e-con-full e-flex e-con e-child\" data-id=\"1533186b\" data-element_type=\"container\" data-e-type=\"container\" data-settings=\"{&quot;jet_parallax_layout_list&quot;:[]}\">\n\t\t\t\t<div class=\"elementor-element elementor-element-66139b9d elementor-widget elementor-widget-heading\" data-id=\"66139b9d\" data-element_type=\"widget\" data-e-type=\"widget\" data-widget_type=\"heading.default\">\n\t\t\t\t<div class=\"elementor-widget-container\">\n\t\t\t\t\t<h3 class=\"elementor-heading-title elementor-size-default\">Makadam<\/h3>\t\t\t\t<\/div>\n\t\t\t\t<\/div>\n\t\t\t\t<div class=\"elementor-element elementor-element-52a099da elementor-view-default elementor-widget elementor-widget-icon\" data-id=\"52a099da\" data-element_type=\"widget\" data-e-type=\"widget\" data-widget_type=\"icon.default\">\n\t\t\t\t<div class=\"elementor-widget-container\">\n\t\t\t\t\t\t\t<div class=\"elementor-icon-wrapper\">\n\t\t\t<div class=\"elementor-icon\">\n\t\t\t<svg xmlns=\"http:\/\/www.w3.org\/2000\/svg\" id=\"Layer_1\" viewBox=\"0 0 224.8 222.3\"><path d=\"M112.4,0c62,0,112.4,49.7,112.4,111.2s-50.4,111.2-112.4,111.2C50.4,222.3,0,172.6,0,111.2,0,49.7,50.4,0,112.4,0ZM112.4,15.4c-53.6,0-97,43-97,95.7,0,52.8,43.3,95.7,97,95.7,53.6,0,97-43,97-95.7,0-52.8-43.3-95.7-97-95.7ZM117.5,65.7c3-3,7.9-3.1,10.9,0l40.5,40c0,0,.2.2.3.3,0,0,0,0,.1.1,0,0,0,.1.1.2,1.1,1.3,1.8,3,1.8,4.9s-.3,2.4-.8,3.4c-.4.8-.9,1.5-1.5,2.1l-40.5,40c-3,3-7.9,3-10.9,0-3-3-3-7.9,0-10.9l27.1-26.8H61.3c-4.3,0-7.7-3.4-7.7-7.7,0-4.3,3.4-7.7,7.7-7.7h83.4l-27.1-26.8c-3-3-3.1-7.9,0-10.9Z\"><\/path><\/svg>\t\t\t<\/div>\n\t\t<\/div>\n\t\t\t\t\t\t<\/div>\n\t\t\t\t<\/div>\n\t\t\t\t<\/div>\n\t\t\t\t<\/a>\n\t\t<a class=\"elementor-element elementor-element-75335c8 e-con-full e-transform box-shadow e-flex e-con e-child\" data-id=\"75335c8\" data-element_type=\"container\" data-e-type=\"container\" data-settings=\"{&quot;jet_parallax_layout_list&quot;:[],&quot;background_background&quot;:&quot;classic&quot;,&quot;_transform_translateY_effect_hover&quot;:{&quot;unit&quot;:&quot;px&quot;,&quot;size&quot;:-4,&quot;sizes&quot;:[]},&quot;_transform_translateX_effect_hover&quot;:{&quot;unit&quot;:&quot;px&quot;,&quot;size&quot;:&quot;&quot;,&quot;sizes&quot;:[]},&quot;_transform_translateX_effect_hover_laptop&quot;:{&quot;unit&quot;:&quot;px&quot;,&quot;size&quot;:&quot;&quot;,&quot;sizes&quot;:[]},&quot;_transform_translateX_effect_hover_tablet&quot;:{&quot;unit&quot;:&quot;px&quot;,&quot;size&quot;:&quot;&quot;,&quot;sizes&quot;:[]},&quot;_transform_translateX_effect_hover_mobile&quot;:{&quot;unit&quot;:&quot;px&quot;,&quot;size&quot;:&quot;&quot;,&quot;sizes&quot;:[]},&quot;_transform_translateY_effect_hover_laptop&quot;:{&quot;unit&quot;:&quot;px&quot;,&quot;size&quot;:&quot;&quot;,&quot;sizes&quot;:[]},&quot;_transform_translateY_effect_hover_tablet&quot;:{&quot;unit&quot;:&quot;px&quot;,&quot;size&quot;:&quot;&quot;,&quot;sizes&quot;:[]},&quot;_transform_translateY_effect_hover_mobile&quot;:{&quot;unit&quot;:&quot;px&quot;,&quot;size&quot;:&quot;&quot;,&quot;sizes&quot;:[]}}\" href=\"https:\/\/hagelberg.fi\/kiviainekset\/kivituhka\/\">\n\t\t\t\t<div class=\"elementor-element elementor-element-3723b107 elementor-widget elementor-widget-image\" data-id=\"3723b107\" data-element_type=\"widget\" data-e-type=\"widget\" data-widget_type=\"image.default\">\n\t\t\t\t<div class=\"elementor-widget-container\">\n\t\t\t\t\t\t\t\t\t\t\t\t\t\t\t<img loading=\"lazy\" decoding=\"async\" width=\"1536\" height=\"864\" src=\"https:\/\/hagelberg.fi\/wp-content\/uploads\/2025\/11\/kivituhka-1536x864.jpg\" class=\"attachment-1536x1536 size-1536x1536 wp-image-956\" alt=\"\" srcset=\"https:\/\/hagelberg.fi\/wp-content\/uploads\/2025\/11\/kivituhka-1536x864.jpg 1536w, https:\/\/hagelberg.fi\/wp-content\/uploads\/2025\/11\/kivituhka-300x169.jpg 300w, https:\/\/hagelberg.fi\/wp-content\/uploads\/2025\/11\/kivituhka-1024x576.jpg 1024w, https:\/\/hagelberg.fi\/wp-content\/uploads\/2025\/11\/kivituhka-768x432.jpg 768w, https:\/\/hagelberg.fi\/wp-content\/uploads\/2025\/11\/kivituhka.jpg 1920w\" sizes=\"(max-width: 1536px) 100vw, 1536px\" \/>\t\t\t\t\t\t\t\t\t\t\t\t\t\t\t<\/div>\n\t\t\t\t<\/div>\n\t\t<div class=\"elementor-element elementor-element-2d5b002c e-con-full e-flex e-con e-child\" data-id=\"2d5b002c\" data-element_type=\"container\" data-e-type=\"container\" data-settings=\"{&quot;jet_parallax_layout_list&quot;:[]}\">\n\t\t\t\t<div class=\"elementor-element elementor-element-1b6a147e elementor-widget elementor-widget-heading\" data-id=\"1b6a147e\" data-element_type=\"widget\" data-e-type=\"widget\" data-widget_type=\"heading.default\">\n\t\t\t\t<div class=\"elementor-widget-container\">\n\t\t\t\t\t<h3 class=\"elementor-heading-title elementor-size-default\">Stenmj\u00f6l<\/h3>\t\t\t\t<\/div>\n\t\t\t\t<\/div>\n\t\t\t\t<div class=\"elementor-element elementor-element-1293d16f elementor-view-default elementor-widget elementor-widget-icon\" data-id=\"1293d16f\" data-element_type=\"widget\" data-e-type=\"widget\" data-widget_type=\"icon.default\">\n\t\t\t\t<div class=\"elementor-widget-container\">\n\t\t\t\t\t\t\t<div class=\"elementor-icon-wrapper\">\n\t\t\t<div class=\"elementor-icon\">\n\t\t\t<svg xmlns=\"http:\/\/www.w3.org\/2000\/svg\" id=\"Layer_1\" viewBox=\"0 0 224.8 222.3\"><path d=\"M112.4,0c62,0,112.4,49.7,112.4,111.2s-50.4,111.2-112.4,111.2C50.4,222.3,0,172.6,0,111.2,0,49.7,50.4,0,112.4,0ZM112.4,15.4c-53.6,0-97,43-97,95.7,0,52.8,43.3,95.7,97,95.7,53.6,0,97-43,97-95.7,0-52.8-43.3-95.7-97-95.7ZM117.5,65.7c3-3,7.9-3.1,10.9,0l40.5,40c0,0,.2.2.3.3,0,0,0,0,.1.1,0,0,0,.1.1.2,1.1,1.3,1.8,3,1.8,4.9s-.3,2.4-.8,3.4c-.4.8-.9,1.5-1.5,2.1l-40.5,40c-3,3-7.9,3-10.9,0-3-3-3-7.9,0-10.9l27.1-26.8H61.3c-4.3,0-7.7-3.4-7.7-7.7,0-4.3,3.4-7.7,7.7-7.7h83.4l-27.1-26.8c-3-3-3.1-7.9,0-10.9Z\"><\/path><\/svg>\t\t\t<\/div>\n\t\t<\/div>\n\t\t\t\t\t\t<\/div>\n\t\t\t\t<\/div>\n\t\t\t\t<\/div>\n\t\t\t\t<\/a>\n\t\t<a class=\"elementor-element elementor-element-37431017 e-con-full e-transform box-shadow e-flex e-con e-child\" data-id=\"37431017\" data-element_type=\"container\" data-e-type=\"container\" data-settings=\"{&quot;jet_parallax_layout_list&quot;:[],&quot;background_background&quot;:&quot;classic&quot;,&quot;_transform_translateY_effect_hover&quot;:{&quot;unit&quot;:&quot;px&quot;,&quot;size&quot;:-4,&quot;sizes&quot;:[]},&quot;_transform_translateX_effect_hover&quot;:{&quot;unit&quot;:&quot;px&quot;,&quot;size&quot;:&quot;&quot;,&quot;sizes&quot;:[]},&quot;_transform_translateX_effect_hover_laptop&quot;:{&quot;unit&quot;:&quot;px&quot;,&quot;size&quot;:&quot;&quot;,&quot;sizes&quot;:[]},&quot;_transform_translateX_effect_hover_tablet&quot;:{&quot;unit&quot;:&quot;px&quot;,&quot;size&quot;:&quot;&quot;,&quot;sizes&quot;:[]},&quot;_transform_translateX_effect_hover_mobile&quot;:{&quot;unit&quot;:&quot;px&quot;,&quot;size&quot;:&quot;&quot;,&quot;sizes&quot;:[]},&quot;_transform_translateY_effect_hover_laptop&quot;:{&quot;unit&quot;:&quot;px&quot;,&quot;size&quot;:&quot;&quot;,&quot;sizes&quot;:[]},&quot;_transform_translateY_effect_hover_tablet&quot;:{&quot;unit&quot;:&quot;px&quot;,&quot;size&quot;:&quot;&quot;,&quot;sizes&quot;:[]},&quot;_transform_translateY_effect_hover_mobile&quot;:{&quot;unit&quot;:&quot;px&quot;,&quot;size&quot;:&quot;&quot;,&quot;sizes&quot;:[]}}\" href=\"https:\/\/hagelberg.fi\/kiviainekset\/hiekka\/\">\n\t\t\t\t<div class=\"elementor-element elementor-element-763c91ac elementor-widget elementor-widget-image\" data-id=\"763c91ac\" data-element_type=\"widget\" data-e-type=\"widget\" data-widget_type=\"image.default\">\n\t\t\t\t<div class=\"elementor-widget-container\">\n\t\t\t\t\t\t\t\t\t\t\t\t\t\t\t<img loading=\"lazy\" decoding=\"async\" width=\"1536\" height=\"864\" src=\"https:\/\/hagelberg.fi\/wp-content\/uploads\/2025\/11\/hiekka-1536x864.jpg\" class=\"attachment-1536x1536 size-1536x1536 wp-image-957\" alt=\"\" srcset=\"https:\/\/hagelberg.fi\/wp-content\/uploads\/2025\/11\/hiekka-1536x864.jpg 1536w, https:\/\/hagelberg.fi\/wp-content\/uploads\/2025\/11\/hiekka-300x169.jpg 300w, https:\/\/hagelberg.fi\/wp-content\/uploads\/2025\/11\/hiekka-1024x576.jpg 1024w, https:\/\/hagelberg.fi\/wp-content\/uploads\/2025\/11\/hiekka-768x432.jpg 768w, https:\/\/hagelberg.fi\/wp-content\/uploads\/2025\/11\/hiekka.jpg 1920w\" sizes=\"(max-width: 1536px) 100vw, 1536px\" \/>\t\t\t\t\t\t\t\t\t\t\t\t\t\t\t<\/div>\n\t\t\t\t<\/div>\n\t\t<div class=\"elementor-element elementor-element-5f7bb0f8 e-con-full e-flex e-con e-child\" data-id=\"5f7bb0f8\" data-element_type=\"container\" data-e-type=\"container\" data-settings=\"{&quot;jet_parallax_layout_list&quot;:[]}\">\n\t\t\t\t<div class=\"elementor-element elementor-element-372d4e4c elementor-widget elementor-widget-heading\" data-id=\"372d4e4c\" data-element_type=\"widget\" data-e-type=\"widget\" data-widget_type=\"heading.default\">\n\t\t\t\t<div class=\"elementor-widget-container\">\n\t\t\t\t\t<h3 class=\"elementor-heading-title elementor-size-default\">Sand<\/h3>\t\t\t\t<\/div>\n\t\t\t\t<\/div>\n\t\t\t\t<div class=\"elementor-element elementor-element-2b2634c8 elementor-view-default elementor-widget elementor-widget-icon\" data-id=\"2b2634c8\" data-element_type=\"widget\" data-e-type=\"widget\" data-widget_type=\"icon.default\">\n\t\t\t\t<div class=\"elementor-widget-container\">\n\t\t\t\t\t\t\t<div class=\"elementor-icon-wrapper\">\n\t\t\t<div class=\"elementor-icon\">\n\t\t\t<svg xmlns=\"http:\/\/www.w3.org\/2000\/svg\" id=\"Layer_1\" viewBox=\"0 0 224.8 222.3\"><path d=\"M112.4,0c62,0,112.4,49.7,112.4,111.2s-50.4,111.2-112.4,111.2C50.4,222.3,0,172.6,0,111.2,0,49.7,50.4,0,112.4,0ZM112.4,15.4c-53.6,0-97,43-97,95.7,0,52.8,43.3,95.7,97,95.7,53.6,0,97-43,97-95.7,0-52.8-43.3-95.7-97-95.7ZM117.5,65.7c3-3,7.9-3.1,10.9,0l40.5,40c0,0,.2.2.3.3,0,0,0,0,.1.1,0,0,0,.1.1.2,1.1,1.3,1.8,3,1.8,4.9s-.3,2.4-.8,3.4c-.4.8-.9,1.5-1.5,2.1l-40.5,40c-3,3-7.9,3-10.9,0-3-3-3-7.9,0-10.9l27.1-26.8H61.3c-4.3,0-7.7-3.4-7.7-7.7,0-4.3,3.4-7.7,7.7-7.7h83.4l-27.1-26.8c-3-3-3.1-7.9,0-10.9Z\"><\/path><\/svg>\t\t\t<\/div>\n\t\t<\/div>\n\t\t\t\t\t\t<\/div>\n\t\t\t\t<\/div>\n\t\t\t\t<\/div>\n\t\t\t\t<\/a>\n\t\t\t\t<\/div>\n\t\t\t\t<\/div>\n\t\t\t\t<\/div>\n\t\t\t\t\t\t<\/div>\n\t\t\t\t<\/div>\n\t\t\t\t<div class=\"elementor-element elementor-element-669ab13 elementor-widget elementor-widget-text-editor\" data-id=\"669ab13\" data-element_type=\"widget\" data-e-type=\"widget\" data-widget_type=\"text-editor.default\">\n\t\t\t\t<div class=\"elementor-widget-container\">\n\t\t\t\t\t\t\t\t\t<p><em><strong>Snabba leveranser:<\/strong> Vi levererar stenmaterial till arbetsplatser med v\u00e5r egen utrustning effektivt och s\u00e4kert. Du kan ocks\u00e5 h\u00e4mta materialen direkt fr\u00e5n v\u00e5rt lager.<\/em><\/p>\t\t\t\t\t\t\t\t<\/div>\n\t\t\t\t<\/div>\n\t\t\t\t<\/div>\n\t\t\t\t\t<\/div>\n\t\t\t\t<\/div>\n\t\t\t\t<\/div>\n\t\t","protected":false},"excerpt":{"rendered":"<p>Vi levererar h\u00f6gkvalitativa stenmaterial snabbt och flexibelt. Genom v\u00e5rt lager f\u00e5r du bergskross, makadam, grus och jord antingen levererat till arbetsplatsen eller f\u00f6r avh\u00e4mtning. Alla v\u00e5ra stenmaterial uppfyller kraven f\u00f6r infrastrukturbyggande och \u00e4r l\u00e4mpliga f\u00f6r s\u00e5v\u00e4l industri-, f\u00f6retags-, bostadsr\u00e4ttsf\u00f6renings- som sm\u00e5husprojekt. Vi betj\u00e4nar markentrepren\u00f6rer, byggf\u00f6retag och privatkunder. Tillg\u00e4ngliga stenmaterial Snabba leveranser: Vi levererar stenmaterial till [&hellip;]<\/p>\n","protected":false},"author":1,"featured_media":939,"parent":0,"menu_order":0,"comment_status":"closed","ping_status":"closed","template":"","meta":{"footnotes":""},"class_list":["post-938","page","type-page","status-publish","has-post-thumbnail","hentry"],"_links":{"self":[{"href":"https:\/\/hagelberg.fi\/sv\/wp-json\/wp\/v2\/pages\/938","targetHints":{"allow":["GET"]}}],"collection":[{"href":"https:\/\/hagelberg.fi\/sv\/wp-json\/wp\/v2\/pages"}],"about":[{"href":"https:\/\/hagelberg.fi\/sv\/wp-json\/wp\/v2\/types\/page"}],"author":[{"embeddable":true,"href":"https:\/\/hagelberg.fi\/sv\/wp-json\/wp\/v2\/users\/1"}],"replies":[{"embeddable":true,"href":"https:\/\/hagelberg.fi\/sv\/wp-json\/wp\/v2\/comments?post=938"}],"version-history":[{"count":2,"href":"https:\/\/hagelberg.fi\/sv\/wp-json\/wp\/v2\/pages\/938\/revisions"}],"predecessor-version":[{"id":1042,"href":"https:\/\/hagelberg.fi\/sv\/wp-json\/wp\/v2\/pages\/938\/revisions\/1042"}],"wp:featuredmedia":[{"embeddable":true,"href":"https:\/\/hagelberg.fi\/sv\/wp-json\/wp\/v2\/media\/939"}],"wp:attachment":[{"href":"https:\/\/hagelberg.fi\/sv\/wp-json\/wp\/v2\/media?parent=938"}],"curies":[{"name":"wp","href":"https:\/\/api.w.org\/{rel}","templated":true}]}}